{"id":8159,"date":"2025-05-15T04:49:17","date_gmt":"2025-05-15T04:49:17","guid":{"rendered":"https:\/\/cdri.world\/?page_id=8159"},"modified":"2025-06-12T11:39:50","modified_gmt":"2025-06-12T11:39:50","slug":"archived","status":"publish","type":"page","link":"https:\/\/cdri.world\/fr\/work-with-us\/archived\/","title":{"rendered":"Archiv\u00e9"},"content":{"rendered":"<div data-elementor-type=\"wp-page\" data-elementor-id=\"8159\" class=\"elementor elementor-8159\" data-elementor-post-type=\"page\">\n\t\t\t\t<section class=\"elementor-element elementor-element-41c530c e-con-full innerBanner e-flex e-con e-parent\" data-id=\"41c530c\" data-element_type=\"container\">\n\t\t\t\t<div class=\"elementor-element elementor-element-4f7b5f2 elementor-invisible elementor-widget elementor-widget-theme-post-featured-image elementor-widget-image\" data-id=\"4f7b5f2\" data-element_type=\"widget\" data-settings=\"{&quot;_animation&quot;:&quot;fadeIn&quot;,&quot;_animation_delay&quot;:100}\" data-widget_type=\"theme-post-featured-image.default\">\n\t\t\t\t<div class=\"elementor-widget-container\">\n\t\t\t\t\t\t\t\t\t\t\t\t\t\t\t<img fetchpriority=\"high\" decoding=\"async\" width=\"1920\" height=\"520\" src=\"https:\/\/dymez6ioe12by.cloudfront.net\/media\/wp-content\/uploads\/2025\/06\/11125202\/Work-With-US-1920X520.jpg\" class=\"attachment-full size-full wp-image-22526\" alt=\"Work With Us 1920X520 \u2013\" srcset=\"https:\/\/dymez6ioe12by.cloudfront.net\/media\/wp-content\/uploads\/2025\/06\/11125202\/Work-With-US-1920X520.jpg 1920w, https:\/\/dymez6ioe12by.cloudfront.net\/media\/wp-content\/uploads\/2025\/06\/11125202\/Work-With-US-1920X520-300x81.jpg 300w, https:\/\/dymez6ioe12by.cloudfront.net\/media\/wp-content\/uploads\/2025\/06\/11125202\/Work-With-US-1920X520-1024x277.jpg 1024w, https:\/\/dymez6ioe12by.cloudfront.net\/media\/wp-content\/uploads\/2025\/06\/11125202\/Work-With-US-1920X520-768x208.jpg 768w, https:\/\/dymez6ioe12by.cloudfront.net\/media\/wp-content\/uploads\/2025\/06\/11125202\/Work-With-US-1920X520-1536x416.jpg 1536w\" sizes=\"(max-width: 1920px) 100vw, 1920px\" \/>\t\t\t\t\t\t\t\t\t\t\t\t\t\t\t<\/div>\n\t\t\t\t<\/div>\n\t\t\t\t<div class=\"elementor-element elementor-element-7eff54f elementor-hidden-desktop elementor-hidden-tablet elementor-widget elementor-widget-image\" data-id=\"7eff54f\" data-element_type=\"widget\" data-widget_type=\"image.default\">\n\t\t\t\t<div class=\"elementor-widget-container\">\n\t\t\t\t\t\t\t\t\t\t\t\t\t\t\t<img decoding=\"async\" width=\"576\" height=\"874\" src=\"https:\/\/dymez6ioe12by.cloudfront.net\/media\/wp-content\/uploads\/2025\/05\/30061659\/Work-With-US-mobile-banner.jpg\" class=\"attachment-full size-full wp-image-17089\" alt=\"Work With Us Mobile Banner \u2013\" srcset=\"https:\/\/dymez6ioe12by.cloudfront.net\/media\/wp-content\/uploads\/2025\/05\/30061659\/Work-With-US-mobile-banner.jpg 576w, https:\/\/dymez6ioe12by.cloudfront.net\/media\/wp-content\/uploads\/2025\/05\/30061659\/Work-With-US-mobile-banner-198x300.jpg 198w\" sizes=\"(max-width: 576px) 100vw, 576px\" \/>\t\t\t\t\t\t\t\t\t\t\t\t\t\t\t<\/div>\n\t\t\t\t<\/div>\n\t\t<div class=\"elementor-element elementor-element-0a1a1a0 bannerTitle e-flex e-con-boxed elementor-invisible e-con e-child\" data-id=\"0a1a1a0\" data-element_type=\"container\" data-settings=\"{&quot;animation&quot;:&quot;fadeIn&quot;,&quot;animation_delay&quot;:1000}\">\n\t\t\t\t\t<div class=\"e-con-inner\">\n\t\t\t\t<div class=\"elementor-element elementor-element-06a1586 elementor-align-left breadcrumb_custom elementor-invisible elementor-widget elementor-widget-breadcrumbs\" data-id=\"06a1586\" data-element_type=\"widget\" data-settings=\"{&quot;_animation&quot;:&quot;fadeInUp&quot;,&quot;_animation_delay&quot;:1500}\" data-widget_type=\"breadcrumbs.default\">\n\t\t\t\t<div class=\"elementor-widget-container\">\n\t\t\t\t\t<p id=\"breadcrumbs\"><span><span><a href=\"https:\/\/cdri.world\/fr\/\">Page d\u2019accueil<\/a><\/span><\/span><\/p>\t\t\t\t<\/div>\n\t\t\t\t<\/div>\n\t\t\t\t\t<\/div>\n\t\t\t\t<\/div>\n\t\t\t\t<\/section>\n\t\t<div class=\"elementor-element elementor-element-15e3c2d e-con-full tabList e-flex e-con e-child\" data-id=\"15e3c2d\" data-element_type=\"container\">\n\t\t\t\t<div class=\"elementor-element elementor-element-108a7f5 archivedTab e-n-tabs-mobile elementor-widget elementor-widget-n-tabs\" data-id=\"108a7f5\" data-element_type=\"widget\" data-settings=\"{&quot;tabs_justify_horizontal&quot;:&quot;start&quot;,&quot;horizontal_scroll&quot;:&quot;disable&quot;}\" data-widget_type=\"nested-tabs.default\">\n\t\t\t\t<div class=\"elementor-widget-container\">\n\t\t\t\t\t\t\t<div class=\"e-n-tabs\" data-widget-number=\"17344501\" aria-label=\"Onglets. Ouvrez les \u00e9l\u00e9ments avec Entr\u00e9e ou Espace, fermez avec \u00c9chap et naviguez avec les touches fl\u00e9ch\u00e9es.\">\n\t\t\t<div class=\"e-n-tabs-heading\" role=\"tablist\">\n\t\t\t\t\t<button id=\"e-n-tab-title-173445011\" class=\"e-n-tab-title\" aria-selected=\"true\" data-tab-index=\"1\" role=\"tab\" tabindex=\"0\" aria-controls=\"e-n-tab-content-173445011\" style=\"--n-tabs-title-order: 1;\">\n\t\t\t\t\t\t<span class=\"e-n-tab-title-text\">\n\t\t\t\tCarri\u00e8res\t\t\t<\/span>\n\t\t<\/button>\n\t\t\t\t\t<\/div>\n\t\t\t<div class=\"e-n-tabs-content\">\n\t\t\t\t<div id=\"e-n-tab-content-173445011\" role=\"tabpanel\" aria-labelledby=\"e-n-tab-title-173445011\" data-tab-index=\"1\" style=\"--n-tabs-title-order: 1;\" class=\"e-active elementor-element elementor-element-16dca49 e-con-full e-flex e-con e-child\" data-id=\"16dca49\" data-element_type=\"container\">\n\t\t<section class=\"elementor-element elementor-element-e273715 e-con-full projectSection careersScroll e-flex e-con e-child\" data-id=\"e273715\" data-element_type=\"container\" data-settings=\"{&quot;background_background&quot;:&quot;classic&quot;}\">\n\t\t<div class=\"elementor-element elementor-element-5e5c6cb e-con-full careerTable e-flex elementor-invisible e-con e-child\" data-id=\"5e5c6cb\" data-element_type=\"container\" data-settings=\"{&quot;animation&quot;:&quot;fadeInUp&quot;,&quot;animation_delay&quot;:100}\">\n\t\t\t\t<div class=\"elementor-element elementor-element-a58b9c3 elementor-widget elementor-widget-html\" data-id=\"a58b9c3\" data-element_type=\"widget\" data-widget_type=\"html.default\">\n\t\t\t\t<div class=\"elementor-widget-container\">\n\t\t\t\t\t\n<div class=\"careersTable\" >\n    <table class=\"customTable\" id=\"archiveJobtable\">\n        <thead>\n            <tr>\n                <th>Titre du poste<\/th>\n                <th>Localisation<\/th>\n                <th>Date d\u2019ouverture<\/th>\n                <th>Jusqu\u2019au<\/th>\n                <!--<th>Action<\/th>-->\n            <\/tr>\n        <\/thead>\n        <tbody id=\"archivejob_section\"><\/tbody>\n    <\/table>\n<\/div>\t\t\t\t<\/div>\n\t\t\t\t<\/div>\n\t\t\t\t<\/div>\n\t\t\t\t<\/section>\n\t\t\t\t<\/div>\n\t\t\t\t\t<\/div>\n\t\t<\/div>\n\t\t\t\t\t\t<\/div>\n\t\t\t\t<\/div>\n\t\t\t\t<\/div>\n\t\t\t\t<\/div>","protected":false},"excerpt":{"rendered":"<p>Careers Job Title Location Opening Date Last Date Job Title Location Opening Date Last Date<\/p>","protected":false},"author":1,"featured_media":22526,"parent":7364,"menu_order":0,"comment_status":"closed","ping_status":"closed","template":"","meta":{"_acf_changed":false,"footnotes":""},"class_list":["post-8159","page","type-page","status-publish","has-post-thumbnail","hentry"],"acf":[],"yoast_head":"<!-- This site is optimized with the Yoast SEO plugin v24.9 - https:\/\/yoast.com\/wordpress\/plugins\/seo\/ -->\n<title>Archived<\/title>\n<meta name=\"robots\" content=\"index, follow, max-snippet:-1, max-image-preview:large, max-video-preview:-1\" \/>\n<link rel=\"canonical\" href=\"https:\/\/cdri.world\/fr\/work-with-us\/archived\/\" \/>\n<meta property=\"og:locale\" content=\"fr_FR\" \/>\n<meta property=\"og:type\" content=\"article\" \/>\n<meta property=\"og:title\" content=\"Archived\" \/>\n<meta property=\"og:description\" content=\"Careers Job Title Location Opening Date Last Date Job Title Location Opening Date Last Date\" \/>\n<meta property=\"og:url\" content=\"https:\/\/cdri.world\/fr\/work-with-us\/archived\/\" \/>\n<meta property=\"article:modified_time\" content=\"2025-06-12T11:39:50+00:00\" \/>\n<meta property=\"og:image\" content=\"https:\/\/dymez6ioe12by.cloudfront.net\/media\/wp-content\/uploads\/2025\/06\/11125202\/Work-With-US-1920X520.jpg\" \/>\n\t<meta property=\"og:image:width\" content=\"1920\" \/>\n\t<meta property=\"og:image:height\" content=\"520\" \/>\n\t<meta property=\"og:image:type\" content=\"image\/jpeg\" \/>\n<meta name=\"twitter:card\" content=\"summary_large_image\" \/>\n<meta name=\"twitter:label1\" content=\"Dur\u00e9e de lecture estim\u00e9e\" \/>\n\t<meta name=\"twitter:data1\" content=\"1 minute\" \/>\n<script type=\"application\/ld+json\" class=\"yoast-schema-graph\">{\"@context\":\"https:\/\/schema.org\",\"@graph\":[{\"@type\":\"WebPage\",\"@id\":\"https:\/\/cdri.world\/work-with-us\/archived\/\",\"url\":\"https:\/\/cdri.world\/work-with-us\/archived\/\",\"name\":\"Archived\",\"isPartOf\":{\"@id\":\"https:\/\/cdri.world\/#website\"},\"primaryImageOfPage\":{\"@id\":\"https:\/\/cdri.world\/work-with-us\/archived\/#primaryimage\"},\"image\":{\"@id\":\"https:\/\/cdri.world\/work-with-us\/archived\/#primaryimage\"},\"thumbnailUrl\":\"https:\/\/dymez6ioe12by.cloudfront.net\/media\/wp-content\/uploads\/2025\/06\/11125202\/Work-With-US-1920X520.jpg\",\"datePublished\":\"2025-05-15T04:49:17+00:00\",\"dateModified\":\"2025-06-12T11:39:50+00:00\",\"breadcrumb\":{\"@id\":\"https:\/\/cdri.world\/work-with-us\/archived\/#breadcrumb\"},\"inLanguage\":\"fr-FR\",\"potentialAction\":[{\"@type\":\"ReadAction\",\"target\":[\"https:\/\/cdri.world\/work-with-us\/archived\/\"]}]},{\"@type\":\"ImageObject\",\"inLanguage\":\"fr-FR\",\"@id\":\"https:\/\/cdri.world\/work-with-us\/archived\/#primaryimage\",\"url\":\"https:\/\/dymez6ioe12by.cloudfront.net\/media\/wp-content\/uploads\/2025\/06\/11125202\/Work-With-US-1920X520.jpg\",\"contentUrl\":\"https:\/\/dymez6ioe12by.cloudfront.net\/media\/wp-content\/uploads\/2025\/06\/11125202\/Work-With-US-1920X520.jpg\",\"width\":1920,\"height\":520,\"caption\":\"Work With Us 1920X520 \u2013\"},{\"@type\":\"BreadcrumbList\",\"@id\":\"https:\/\/cdri.world\/work-with-us\/archived\/#breadcrumb\",\"itemListElement\":[{\"@type\":\"ListItem\",\"position\":1,\"name\":\"Home\",\"item\":\"https:\/\/cdri.world\/\"},{\"@type\":\"ListItem\",\"position\":2,\"name\":\"Work with us\",\"item\":\"https:\/\/cdri.world\/work-with-us\/\"},{\"@type\":\"ListItem\",\"position\":3,\"name\":\"Archived\"}]},{\"@type\":\"WebSite\",\"@id\":\"https:\/\/cdri.world\/#website\",\"url\":\"https:\/\/cdri.world\/\",\"name\":\"CDRI\",\"description\":\"CDRI\",\"publisher\":{\"@id\":\"https:\/\/cdri.world\/#organization\"},\"potentialAction\":[{\"@type\":\"SearchAction\",\"target\":{\"@type\":\"EntryPoint\",\"urlTemplate\":\"https:\/\/cdri.world\/?s={search_term_string}\"},\"query-input\":{\"@type\":\"PropertyValueSpecification\",\"valueRequired\":true,\"valueName\":\"search_term_string\"}}],\"inLanguage\":\"fr-FR\"},{\"@type\":\"Organization\",\"@id\":\"https:\/\/cdri.world\/#organization\",\"name\":\"Coalition for Disaster Resilient Infrastructure\",\"url\":\"https:\/\/cdri.world\/\",\"logo\":{\"@type\":\"ImageObject\",\"inLanguage\":\"fr-FR\",\"@id\":\"https:\/\/cdri.world\/#\/schema\/logo\/image\/\",\"url\":\"https:\/\/dymez6ioe12by.cloudfront.net\/media\/wp-content\/uploads\/2025\/09\/25100323\/cropped-CDRI-Logo-Black-and-Red.png\",\"contentUrl\":\"https:\/\/dymez6ioe12by.cloudfront.net\/media\/wp-content\/uploads\/2025\/09\/25100323\/cropped-CDRI-Logo-Black-and-Red.png\",\"width\":256,\"height\":70,\"caption\":\"Coalition for Disaster Resilient Infrastructure\"},\"image\":{\"@id\":\"https:\/\/cdri.world\/#\/schema\/logo\/image\/\"}}]}<\/script>\n<!-- \/ Yoast SEO plugin. -->","yoast_head_json":{"title":"Archived","robots":{"index":"index","follow":"follow","max-snippet":"max-snippet:-1","max-image-preview":"max-image-preview:large","max-video-preview":"max-video-preview:-1"},"canonical":"https:\/\/cdri.world\/fr\/work-with-us\/archived\/","og_locale":"fr_FR","og_type":"article","og_title":"Archived","og_description":"Careers Job Title Location Opening Date Last Date Job Title Location Opening Date Last Date","og_url":"https:\/\/cdri.world\/fr\/work-with-us\/archived\/","article_modified_time":"2025-06-12T11:39:50+00:00","og_image":[{"width":1920,"height":520,"url":"https:\/\/dymez6ioe12by.cloudfront.net\/media\/wp-content\/uploads\/2025\/06\/11125202\/Work-With-US-1920X520.jpg","type":"image\/jpeg"}],"twitter_card":"summary_large_image","twitter_misc":{"Dur\u00e9e de lecture estim\u00e9e":"1 minute"},"schema":{"@context":"https:\/\/schema.org","@graph":[{"@type":"WebPage","@id":"https:\/\/cdri.world\/work-with-us\/archived\/","url":"https:\/\/cdri.world\/work-with-us\/archived\/","name":"Archived","isPartOf":{"@id":"https:\/\/cdri.world\/#website"},"primaryImageOfPage":{"@id":"https:\/\/cdri.world\/work-with-us\/archived\/#primaryimage"},"image":{"@id":"https:\/\/cdri.world\/work-with-us\/archived\/#primaryimage"},"thumbnailUrl":"https:\/\/dymez6ioe12by.cloudfront.net\/media\/wp-content\/uploads\/2025\/06\/11125202\/Work-With-US-1920X520.jpg","datePublished":"2025-05-15T04:49:17+00:00","dateModified":"2025-06-12T11:39:50+00:00","breadcrumb":{"@id":"https:\/\/cdri.world\/work-with-us\/archived\/#breadcrumb"},"inLanguage":"fr-FR","potentialAction":[{"@type":"ReadAction","target":["https:\/\/cdri.world\/work-with-us\/archived\/"]}]},{"@type":"ImageObject","inLanguage":"fr-FR","@id":"https:\/\/cdri.world\/work-with-us\/archived\/#primaryimage","url":"https:\/\/dymez6ioe12by.cloudfront.net\/media\/wp-content\/uploads\/2025\/06\/11125202\/Work-With-US-1920X520.jpg","contentUrl":"https:\/\/dymez6ioe12by.cloudfront.net\/media\/wp-content\/uploads\/2025\/06\/11125202\/Work-With-US-1920X520.jpg","width":1920,"height":520,"caption":"Work With Us 1920X520 \u2013"},{"@type":"BreadcrumbList","@id":"https:\/\/cdri.world\/work-with-us\/archived\/#breadcrumb","itemListElement":[{"@type":"ListItem","position":1,"name":"Home","item":"https:\/\/cdri.world\/"},{"@type":"ListItem","position":2,"name":"Work with us","item":"https:\/\/cdri.world\/work-with-us\/"},{"@type":"ListItem","position":3,"name":"Archived"}]},{"@type":"WebSite","@id":"https:\/\/cdri.world\/#website","url":"https:\/\/cdri.world\/","name":"CDRI","description":"CDRI","publisher":{"@id":"https:\/\/cdri.world\/#organization"},"potentialAction":[{"@type":"SearchAction","target":{"@type":"EntryPoint","urlTemplate":"https:\/\/cdri.world\/?s={search_term_string}"},"query-input":{"@type":"PropertyValueSpecification","valueRequired":true,"valueName":"search_term_string"}}],"inLanguage":"fr-FR"},{"@type":"Organization","@id":"https:\/\/cdri.world\/#organization","name":"Coalition for Disaster Resilient Infrastructure","url":"https:\/\/cdri.world\/","logo":{"@type":"ImageObject","inLanguage":"fr-FR","@id":"https:\/\/cdri.world\/#\/schema\/logo\/image\/","url":"https:\/\/dymez6ioe12by.cloudfront.net\/media\/wp-content\/uploads\/2025\/09\/25100323\/cropped-CDRI-Logo-Black-and-Red.png","contentUrl":"https:\/\/dymez6ioe12by.cloudfront.net\/media\/wp-content\/uploads\/2025\/09\/25100323\/cropped-CDRI-Logo-Black-and-Red.png","width":256,"height":70,"caption":"Coalition for Disaster Resilient Infrastructure"},"image":{"@id":"https:\/\/cdri.world\/#\/schema\/logo\/image\/"}}]}},"_links":{"self":[{"href":"https:\/\/cdri.world\/fr\/wp-json\/wp\/v2\/pages\/8159","targetHints":{"allow":["GET"]}}],"collection":[{"href":"https:\/\/cdri.world\/fr\/wp-json\/wp\/v2\/pages"}],"about":[{"href":"https:\/\/cdri.world\/fr\/wp-json\/wp\/v2\/types\/page"}],"author":[{"embeddable":true,"href":"https:\/\/cdri.world\/fr\/wp-json\/wp\/v2\/users\/1"}],"replies":[{"embeddable":true,"href":"https:\/\/cdri.world\/fr\/wp-json\/wp\/v2\/comments?post=8159"}],"version-history":[{"count":222,"href":"https:\/\/cdri.world\/fr\/wp-json\/wp\/v2\/pages\/8159\/revisions"}],"predecessor-version":[{"id":22751,"href":"https:\/\/cdri.world\/fr\/wp-json\/wp\/v2\/pages\/8159\/revisions\/22751"}],"up":[{"embeddable":true,"href":"https:\/\/cdri.world\/fr\/wp-json\/wp\/v2\/pages\/7364"}],"wp:featuredmedia":[{"embeddable":true,"href":"https:\/\/cdri.world\/fr\/wp-json\/wp\/v2\/media\/22526"}],"wp:attachment":[{"href":"https:\/\/cdri.world\/fr\/wp-json\/wp\/v2\/media?parent=8159"}],"curies":[{"name":"wp","href":"https:\/\/api.w.org\/{rel}","templated":true}]}}