{"id":7364,"date":"2025-05-12T10:08:03","date_gmt":"2025-05-12T10:08:03","guid":{"rendered":"https:\/\/cdri.world\/?page_id=7364"},"modified":"2025-06-12T11:16:13","modified_gmt":"2025-06-12T11:16:13","slug":"work-with-us","status":"publish","type":"page","link":"https:\/\/cdri.world\/fr\/work-with-us\/","title":{"rendered":"Nous rejoindre"},"content":{"rendered":"<div data-elementor-type=\"wp-page\" data-elementor-id=\"7364\" class=\"elementor elementor-7364\" data-elementor-post-type=\"page\">\n\t\t\t\t<section class=\"elementor-element elementor-element-ab7d3f7 e-con-full innerBanner e-flex e-con e-parent\" data-id=\"ab7d3f7\" data-element_type=\"container\">\n\t\t\t\t<div class=\"elementor-element elementor-element-684e43f elementor-hidden-mobile elementor-invisible elementor-widget elementor-widget-theme-post-featured-image elementor-widget-image\" data-id=\"684e43f\" data-element_type=\"widget\" data-settings=\"{&quot;_animation&quot;:&quot;fadeIn&quot;,&quot;_animation_delay&quot;:100}\" data-widget_type=\"theme-post-featured-image.default\">\n\t\t\t\t<div class=\"elementor-widget-container\">\n\t\t\t\t\t\t\t\t\t\t\t\t\t\t\t<img fetchpriority=\"high\" decoding=\"async\" width=\"1920\" height=\"520\" src=\"https:\/\/dymez6ioe12by.cloudfront.net\/media\/wp-content\/uploads\/2025\/06\/11125202\/Work-With-US-1920X520.jpg\" class=\"attachment-full size-full wp-image-22526\" alt=\"Work With Us 1920X520 \u2013\" srcset=\"https:\/\/dymez6ioe12by.cloudfront.net\/media\/wp-content\/uploads\/2025\/06\/11125202\/Work-With-US-1920X520.jpg 1920w, https:\/\/dymez6ioe12by.cloudfront.net\/media\/wp-content\/uploads\/2025\/06\/11125202\/Work-With-US-1920X520-300x81.jpg 300w, https:\/\/dymez6ioe12by.cloudfront.net\/media\/wp-content\/uploads\/2025\/06\/11125202\/Work-With-US-1920X520-1024x277.jpg 1024w, https:\/\/dymez6ioe12by.cloudfront.net\/media\/wp-content\/uploads\/2025\/06\/11125202\/Work-With-US-1920X520-768x208.jpg 768w, https:\/\/dymez6ioe12by.cloudfront.net\/media\/wp-content\/uploads\/2025\/06\/11125202\/Work-With-US-1920X520-1536x416.jpg 1536w\" sizes=\"(max-width: 1920px) 100vw, 1920px\" \/>\t\t\t\t\t\t\t\t\t\t\t\t\t\t\t<\/div>\n\t\t\t\t<\/div>\n\t\t\t\t<div class=\"elementor-element elementor-element-1f90046 elementor-hidden-desktop elementor-hidden-tablet elementor-widget elementor-widget-image\" data-id=\"1f90046\" data-element_type=\"widget\" data-widget_type=\"image.default\">\n\t\t\t\t<div class=\"elementor-widget-container\">\n\t\t\t\t\t\t\t\t\t\t\t\t\t\t\t<img decoding=\"async\" width=\"576\" height=\"874\" src=\"https:\/\/dymez6ioe12by.cloudfront.net\/media\/wp-content\/uploads\/2025\/06\/11125205\/Work-With-US-390X592.jpg\" class=\"attachment-full size-full wp-image-22527\" alt=\"Work With Us (390X592) \u2013\" srcset=\"https:\/\/dymez6ioe12by.cloudfront.net\/media\/wp-content\/uploads\/2025\/06\/11125205\/Work-With-US-390X592.jpg 576w, https:\/\/dymez6ioe12by.cloudfront.net\/media\/wp-content\/uploads\/2025\/06\/11125205\/Work-With-US-390X592-198x300.jpg 198w\" sizes=\"(max-width: 576px) 100vw, 576px\" \/>\t\t\t\t\t\t\t\t\t\t\t\t\t\t\t<\/div>\n\t\t\t\t<\/div>\n\t\t<div class=\"elementor-element elementor-element-62669b4 bannerTitle e-flex e-con-boxed elementor-invisible e-con e-child\" data-id=\"62669b4\" data-element_type=\"container\" data-settings=\"{&quot;animation&quot;:&quot;fadeIn&quot;,&quot;animation_delay&quot;:1000}\">\n\t\t\t\t\t<div class=\"e-con-inner\">\n\t\t\t\t<div class=\"elementor-element elementor-element-6f3baca elementor-align-left breadcrumb_custom elementor-invisible elementor-widget elementor-widget-breadcrumbs\" data-id=\"6f3baca\" data-element_type=\"widget\" data-settings=\"{&quot;_animation&quot;:&quot;fadeInUp&quot;,&quot;_animation_delay&quot;:1500}\" data-widget_type=\"breadcrumbs.default\">\n\t\t\t\t<div class=\"elementor-widget-container\">\n\t\t\t\t\t<p id=\"breadcrumbs\"><span><span><a href=\"https:\/\/cdri.world\/fr\/\">Page d\u2019accueil<\/a><\/span><\/span><\/p>\t\t\t\t<\/div>\n\t\t\t\t<\/div>\n\t\t\t\t\t<\/div>\n\t\t\t\t<\/div>\n\t\t\t\t<\/section>\n\t\t<div class=\"elementor-element elementor-element-7132ba0 e-con-full tabList e-flex e-con e-child\" data-id=\"7132ba0\" data-element_type=\"container\" data-settings=\"{&quot;background_background&quot;:&quot;classic&quot;}\">\n\t\t\t\t<div class=\"elementor-element elementor-element-5b9c3db elementor-invisible elementor-widget elementor-widget-text-editor\" data-id=\"5b9c3db\" data-element_type=\"widget\" data-settings=\"{&quot;_animation&quot;:&quot;fadeIn&quot;,&quot;_animation_delay&quot;:1500}\" data-widget_type=\"text-editor.default\">\n\t\t\t\t<div class=\"elementor-widget-container\">\n\t\t\t\t\t\t\t\t\t<ul><li class=\"active\"><a href=\"#overview\">Aper\u00e7u<\/a><\/li><li><a href=\"#careers\">Carri\u00e8res<\/a><\/li><li><a href=\"#tenders\">Appel d\u2019offres<\/a><\/li><\/ul>\t\t\t\t\t\t\t\t<\/div>\n\t\t\t\t<\/div>\n\t\t\t\t<\/div>\n\t\t<section class=\"elementor-element elementor-element-8816233 e-con-full sids_overview e-flex e-con e-parent\" data-id=\"8816233\" data-element_type=\"container\" id=\"overview\">\n\t\t<div class=\"elementor-element elementor-element-0a9c37e e-con-full e-flex elementor-invisible e-con e-child\" data-id=\"0a9c37e\" data-element_type=\"container\" data-settings=\"{&quot;animation&quot;:&quot;fadeInUp&quot;,&quot;animation_delay&quot;:1700}\">\n\t\t\t\t<div class=\"elementor-element elementor-element-c13ca31 elementor-invisible elementor-widget elementor-widget-text-editor\" data-id=\"c13ca31\" data-element_type=\"widget\" data-settings=\"{&quot;_animation&quot;:&quot;fadeInUp&quot;}\" data-widget_type=\"text-editor.default\">\n\t\t\t\t<div class=\"elementor-widget-container\">\n\t\t\t\t\t\t\t\t\t<p>\u00c0 la CDRI, nos \u00e9quipes sont la force motrice de notre mission en faveur d\u2019un avenir r\u00e9silient face aux catastrophes. Nous cultivons un environnement collaboratif, innovant et inclusif, propice \u00e0 l\u2019\u00e9panouissement professionnel et \u00e0 l\u2019apprentissage continu.<\/p><p>Gr\u00e2ce \u00e0 une r\u00e9mun\u00e9ration comp\u00e9titive et \u00e0 un ensemble d\u2019avantages complets, nous accordons une priorit\u00e9 particuli\u00e8re au d\u00e9veloppement professionnel et au bien-\u00eatre personnel. En tant qu\u2019employeur garantissant l\u2019\u00e9galit\u00e9 des chances, nous accueillons des talents divers issus du monde entier, favorisant ainsi un cadre de travail dynamique et multiculturel qui permet \u00e0 chacun de contribuer de mani\u00e8re significative \u00e0 la r\u00e9silience et \u00e0 la durabilit\u00e9.<\/p>\t\t\t\t\t\t\t\t<\/div>\n\t\t\t\t<\/div>\n\t\t\t\t<\/div>\n\t\t<div class=\"elementor-element elementor-element-badae51 e-con-full e-flex elementor-invisible e-con e-child\" data-id=\"badae51\" data-element_type=\"container\" data-settings=\"{&quot;animation&quot;:&quot;fadeInUp&quot;,&quot;animation_delay&quot;:1500}\">\n\t\t\t\t<div class=\"elementor-element elementor-element-46b942e elementor-invisible elementor-widget elementor-widget-video\" data-id=\"46b942e\" data-element_type=\"widget\" data-settings=\"{&quot;youtube_url&quot;:&quot;https:\\\/\\\/www.youtube.com\\\/watch?v=D-AwxOF350g&amp;t=2s&quot;,&quot;_animation&quot;:&quot;fadeInUp&quot;,&quot;video_type&quot;:&quot;youtube&quot;}\" data-widget_type=\"video.default\">\n\t\t\t\t<div class=\"elementor-widget-container\">\n\t\t\t\t\t\t\t<div class=\"elementor-wrapper elementor-open-inline\">\n\t\t\t<div class=\"elementor-video\"><\/div>\t\t<\/div>\n\t\t\t\t\t\t<\/div>\n\t\t\t\t<\/div>\n\t\t\t\t<\/div>\n\t\t\t\t<\/section>\n\t\t<section class=\"elementor-element elementor-element-72583e4 e-con-full projectSection e-flex e-con e-child\" data-id=\"72583e4\" data-element_type=\"container\" id=\"careers\" data-settings=\"{&quot;background_background&quot;:&quot;classic&quot;}\">\n\t\t<div class=\"elementor-element elementor-element-2a3b4e9 e-con-full initiatives_heading  e-flex elementor-invisible e-con e-child\" data-id=\"2a3b4e9\" data-element_type=\"container\" data-settings=\"{&quot;background_background&quot;:&quot;classic&quot;,&quot;animation&quot;:&quot;fadeInUp&quot;,&quot;animation_delay&quot;:100}\">\n\t\t\t\t<div class=\"elementor-element elementor-element-188d422 elementor-invisible elementor-widget elementor-widget-heading\" data-id=\"188d422\" data-element_type=\"widget\" data-settings=\"{&quot;_animation&quot;:&quot;fadeInUp&quot;}\" data-widget_type=\"heading.default\">\n\t\t\t\t<div class=\"elementor-widget-container\">\n\t\t\t\t\t<h2 class=\"elementor-heading-title elementor-size-default\"><span style=\"font-size: clamp(22px, 2.34vw, 45px)\">Carri\u00e8res<\/span><\/h2>\t\t\t\t<\/div>\n\t\t\t\t<\/div>\n\t\t\t\t<div class=\"elementor-element elementor-element-5f4234d archiveBtn elementor-widget elementor-widget-button\" data-id=\"5f4234d\" data-element_type=\"widget\" data-widget_type=\"button.default\">\n\t\t\t\t<div class=\"elementor-widget-container\">\n\t\t\t\t\t\t\t\t\t<div class=\"elementor-button-wrapper\">\n\t\t\t\t\t<a class=\"elementor-button elementor-button-link elementor-size-sm\" href=\"https:\/\/cdri.world\/fr\/work-with-us\/archived\/\">\n\t\t\t\t\t\t<span class=\"elementor-button-content-wrapper\">\n\t\t\t\t\t\t\t\t\t<span class=\"elementor-button-text\">Archiv\u00e9<\/span>\n\t\t\t\t\t<\/span>\n\t\t\t\t\t<\/a>\n\t\t\t\t<\/div>\n\t\t\t\t\t\t\t\t<\/div>\n\t\t\t\t<\/div>\n\t\t\t\t<\/div>\n\t\t<div class=\"elementor-element elementor-element-e1c7410 e-con-full careerTableBox e-flex e-con e-child\" data-id=\"e1c7410\" data-element_type=\"container\">\n\t\t<div class=\"elementor-element elementor-element-b5c2afc e-con-full careerTable e-flex elementor-invisible e-con e-child\" data-id=\"b5c2afc\" data-element_type=\"container\" data-settings=\"{&quot;animation&quot;:&quot;fadeInUp&quot;,&quot;animation_delay&quot;:100}\">\n\t\t\t\t<div class=\"elementor-element elementor-element-bf39d3d elementor-widget elementor-widget-html\" data-id=\"bf39d3d\" data-element_type=\"widget\" data-widget_type=\"html.default\">\n\t\t\t\t<div class=\"elementor-widget-container\">\n\t\t\t\t\t<div class=\"careersTable\" >\n    <table class=\"customTable jobTable\" id=\"jobTable\">\n        <thead>\n            <tr>\n                <th>Titre du poste<\/th>\n                <th>Localisation<\/th>\n                <th>Date d\u2019ouverture<\/th>\n                <th>Jusqu\u2019au<\/th>\n                <th>Action<\/th>\n            <\/tr>\n        <\/thead>\n        <tbody id=\"job_section\"><\/tbody>\n    <\/table>\n<\/div>\t\t\t\t<\/div>\n\t\t\t\t<\/div>\n\t\t\t\t<\/div>\n\t\t\t\t<\/div>\n\t\t\t\t<\/section>\n\t\t<section class=\"elementor-element elementor-element-dbda5de e-con-full projectSection tenderScroll sids_overview e-flex e-con e-child\" data-id=\"dbda5de\" data-element_type=\"container\" id=\"tenders\" data-settings=\"{&quot;background_background&quot;:&quot;classic&quot;}\">\n\t\t<div class=\"elementor-element elementor-element-32b0908 e-con-full e-flex elementor-invisible e-con e-child\" data-id=\"32b0908\" data-element_type=\"container\" data-settings=\"{&quot;animation&quot;:&quot;fadeInUp&quot;,&quot;animation_delay&quot;:50}\">\n\t\t\t\t<div class=\"elementor-element elementor-element-057f5c6 animated-fast elementor-widget elementor-widget-text-editor\" data-id=\"057f5c6\" data-element_type=\"widget\" data-settings=\"{&quot;_animation&quot;:&quot;none&quot;,&quot;_animation_delay&quot;:100}\" data-widget_type=\"text-editor.default\">\n\t\t\t\t<div class=\"elementor-widget-container\">\n\t\t\t\t\t\t\t\t\t<p>La CDRI est un employeur garantissant l\u2019\u00e9galit\u00e9 des chances, r\u00e9solument engag\u00e9 \u00e0 promouvoir la diversit\u00e9 et l\u2019inclusion sous toutes leurs formes, qu\u2019il s\u2019agisse du genre, de la nationalit\u00e9, de la culture ou du handicap. La CDRI applique une tol\u00e9rance Z\u00c9RO \u00e0 l\u2019\u00e9gard de l\u2019exploitation et des abus sexuels, de toute forme de harc\u00e8lement, y compris le harc\u00e8lement sexuel, ainsi que de toute discrimination fond\u00e9e sur le genre ou l\u2019origine raciale. Toutes les candidatures sont trait\u00e9es avec la plus stricte confidentialit\u00e9, et toute s\u00e9lection est conditionn\u00e9e \u00e0 des r\u00e9f\u00e9rences et \u00e0 des v\u00e9rifications d\u2019ant\u00e9c\u00e9dents jug\u00e9es satisfaisantes.<\/p>\t\t\t\t\t\t\t\t<\/div>\n\t\t\t\t<\/div>\n\t\t\t\t<\/div>\n\t\t<div class=\"elementor-element elementor-element-e255008 e-con-full initiatives_heading  e-flex elementor-invisible e-con e-child\" data-id=\"e255008\" data-element_type=\"container\" data-settings=\"{&quot;background_background&quot;:&quot;classic&quot;,&quot;animation&quot;:&quot;fadeInUp&quot;,&quot;animation_delay&quot;:100}\">\n\t\t\t\t<div class=\"elementor-element elementor-element-0b851c6 elementor-invisible elementor-widget elementor-widget-heading\" data-id=\"0b851c6\" data-element_type=\"widget\" data-settings=\"{&quot;_animation&quot;:&quot;fadeInUp&quot;}\" data-widget_type=\"heading.default\">\n\t\t\t\t<div class=\"elementor-widget-container\">\n\t\t\t\t\t<h2 class=\"elementor-heading-title elementor-size-default\">Appel d\u2019offres<\/h2>\t\t\t\t<\/div>\n\t\t\t\t<\/div>\n\t\t\t\t<div class=\"elementor-element elementor-element-d7e508b archiveBtn elementor-widget elementor-widget-button\" data-id=\"d7e508b\" data-element_type=\"widget\" data-widget_type=\"button.default\">\n\t\t\t\t<div class=\"elementor-widget-container\">\n\t\t\t\t\t\t\t\t\t<div class=\"elementor-button-wrapper\">\n\t\t\t\t\t<a class=\"elementor-button elementor-button-link elementor-size-sm\" href=\"https:\/\/cdri.world\/fr\/work-with-us\/tenders-archived\/\">\n\t\t\t\t\t\t<span class=\"elementor-button-content-wrapper\">\n\t\t\t\t\t\t\t\t\t<span class=\"elementor-button-text\">Archiv\u00e9<\/span>\n\t\t\t\t\t<\/span>\n\t\t\t\t\t<\/a>\n\t\t\t\t<\/div>\n\t\t\t\t\t\t\t\t<\/div>\n\t\t\t\t<\/div>\n\t\t\t\t<\/div>\n\t\t<div class=\"elementor-element elementor-element-4acb8dc e-con-full careerTableBox e-flex e-con e-child\" data-id=\"4acb8dc\" data-element_type=\"container\">\n\t\t<div class=\"elementor-element elementor-element-6b73dda e-con-full careerTable e-flex elementor-invisible e-con e-child\" data-id=\"6b73dda\" data-element_type=\"container\" data-settings=\"{&quot;animation&quot;:&quot;fadeInUp&quot;,&quot;animation_delay&quot;:100}\">\n\t\t\t\t<div class=\"elementor-element elementor-element-2e476b6 elementor-widget elementor-widget-html\" data-id=\"2e476b6\" data-element_type=\"widget\" data-widget_type=\"html.default\">\n\t\t\t\t<div class=\"elementor-widget-container\">\n\t\t\t\t\t<div class=\"tenderTable\">\n    <table class=\"customTable\" id=\"tenderTable\">\n        <thead>\n            <tr>\n                <th>Publicit\u00e9<\/th>\n                <th>Fichier RFP<\/th>\n                <th>Pr\u00e9-ench\u00e8re\t<\/th>\n                <th>Errata<\/th>\n                <th>Date de publication<\/th>\n                <th>Jusqu\u2019au<\/th>\n                <th>Date r\u00e9vis\u00e9e<\/th>\n            <\/tr>\n        <\/thead>\n        <tbody><\/tbody>\n    <\/table>\n<\/div>\t\t\t\t<\/div>\n\t\t\t\t<\/div>\n\t\t\t\t<\/div>\n\t\t\t\t<\/div>\n\t\t\t\t<\/section>\n\t\t\t\t<\/div>","protected":false},"excerpt":{"rendered":"<p>Overview Careers Tenders At CDRI, our people are the driving force behind our mission for a disaster resilient future. We cultivate a collaborative, innovative, and inclusive environment that fosters growth and continuous learning. With competitive compensation and comprehensive benefits, we prioritize professional development and personal well-being. As an equal opportunity employer, we welcome diverse global [&hellip;]<\/p>","protected":false},"author":1,"featured_media":22526,"parent":0,"menu_order":0,"comment_status":"closed","ping_status":"closed","template":"","meta":{"_acf_changed":false,"footnotes":""},"class_list":["post-7364","page","type-page","status-publish","has-post-thumbnail","hentry"],"acf":[],"yoast_head":"<!-- This site is optimized with the Yoast SEO plugin v24.9 - https:\/\/yoast.com\/wordpress\/plugins\/seo\/ -->\n<title>Work with us<\/title>\n<meta name=\"robots\" content=\"index, follow, max-snippet:-1, max-image-preview:large, max-video-preview:-1\" \/>\n<link rel=\"canonical\" href=\"https:\/\/cdri.world\/fr\/work-with-us\/\" \/>\n<meta property=\"og:locale\" content=\"fr_FR\" \/>\n<meta property=\"og:type\" content=\"article\" \/>\n<meta property=\"og:title\" content=\"Work with us\" \/>\n<meta property=\"og:description\" content=\"Overview Careers Tenders At CDRI, our people are the driving force behind our mission for a disaster resilient future. We cultivate a collaborative, innovative, and inclusive environment that fosters growth and continuous learning. With competitive compensation and comprehensive benefits, we prioritize professional development and personal well-being. As an equal opportunity employer, we welcome diverse global [&hellip;]\" \/>\n<meta property=\"og:url\" content=\"https:\/\/cdri.world\/fr\/work-with-us\/\" \/>\n<meta property=\"article:modified_time\" content=\"2025-06-12T11:16:13+00:00\" \/>\n<meta property=\"og:image\" content=\"https:\/\/dymez6ioe12by.cloudfront.net\/media\/wp-content\/uploads\/2025\/06\/11125202\/Work-With-US-1920X520.jpg\" \/>\n\t<meta property=\"og:image:width\" content=\"1920\" \/>\n\t<meta property=\"og:image:height\" content=\"520\" \/>\n\t<meta property=\"og:image:type\" content=\"image\/jpeg\" \/>\n<meta name=\"twitter:card\" content=\"summary_large_image\" \/>\n<meta name=\"twitter:label1\" content=\"Dur\u00e9e de lecture estim\u00e9e\" \/>\n\t<meta name=\"twitter:data1\" content=\"2 minutes\" \/>\n<script type=\"application\/ld+json\" class=\"yoast-schema-graph\">{\"@context\":\"https:\/\/schema.org\",\"@graph\":[{\"@type\":\"WebPage\",\"@id\":\"https:\/\/cdri.world\/work-with-us\/\",\"url\":\"https:\/\/cdri.world\/work-with-us\/\",\"name\":\"Work with us\",\"isPartOf\":{\"@id\":\"https:\/\/cdri.world\/#website\"},\"primaryImageOfPage\":{\"@id\":\"https:\/\/cdri.world\/work-with-us\/#primaryimage\"},\"image\":{\"@id\":\"https:\/\/cdri.world\/work-with-us\/#primaryimage\"},\"thumbnailUrl\":\"https:\/\/dymez6ioe12by.cloudfront.net\/media\/wp-content\/uploads\/2025\/06\/11125202\/Work-With-US-1920X520.jpg\",\"datePublished\":\"2025-05-12T10:08:03+00:00\",\"dateModified\":\"2025-06-12T11:16:13+00:00\",\"breadcrumb\":{\"@id\":\"https:\/\/cdri.world\/work-with-us\/#breadcrumb\"},\"inLanguage\":\"fr-FR\",\"potentialAction\":[{\"@type\":\"ReadAction\",\"target\":[\"https:\/\/cdri.world\/work-with-us\/\"]}]},{\"@type\":\"ImageObject\",\"inLanguage\":\"fr-FR\",\"@id\":\"https:\/\/cdri.world\/work-with-us\/#primaryimage\",\"url\":\"https:\/\/dymez6ioe12by.cloudfront.net\/media\/wp-content\/uploads\/2025\/06\/11125202\/Work-With-US-1920X520.jpg\",\"contentUrl\":\"https:\/\/dymez6ioe12by.cloudfront.net\/media\/wp-content\/uploads\/2025\/06\/11125202\/Work-With-US-1920X520.jpg\",\"width\":1920,\"height\":520,\"caption\":\"Work With Us 1920X520 \u2013\"},{\"@type\":\"BreadcrumbList\",\"@id\":\"https:\/\/cdri.world\/work-with-us\/#breadcrumb\",\"itemListElement\":[{\"@type\":\"ListItem\",\"position\":1,\"name\":\"Home\",\"item\":\"https:\/\/cdri.world\/\"},{\"@type\":\"ListItem\",\"position\":2,\"name\":\"Work with us\"}]},{\"@type\":\"WebSite\",\"@id\":\"https:\/\/cdri.world\/#website\",\"url\":\"https:\/\/cdri.world\/\",\"name\":\"CDRI\",\"description\":\"CDRI\",\"publisher\":{\"@id\":\"https:\/\/cdri.world\/#organization\"},\"potentialAction\":[{\"@type\":\"SearchAction\",\"target\":{\"@type\":\"EntryPoint\",\"urlTemplate\":\"https:\/\/cdri.world\/?s={search_term_string}\"},\"query-input\":{\"@type\":\"PropertyValueSpecification\",\"valueRequired\":true,\"valueName\":\"search_term_string\"}}],\"inLanguage\":\"fr-FR\"},{\"@type\":\"Organization\",\"@id\":\"https:\/\/cdri.world\/#organization\",\"name\":\"Coalition for Disaster Resilient Infrastructure\",\"url\":\"https:\/\/cdri.world\/\",\"logo\":{\"@type\":\"ImageObject\",\"inLanguage\":\"fr-FR\",\"@id\":\"https:\/\/cdri.world\/#\/schema\/logo\/image\/\",\"url\":\"https:\/\/dymez6ioe12by.cloudfront.net\/media\/wp-content\/uploads\/2025\/09\/25100323\/cropped-CDRI-Logo-Black-and-Red.png\",\"contentUrl\":\"https:\/\/dymez6ioe12by.cloudfront.net\/media\/wp-content\/uploads\/2025\/09\/25100323\/cropped-CDRI-Logo-Black-and-Red.png\",\"width\":256,\"height\":70,\"caption\":\"Coalition for Disaster Resilient Infrastructure\"},\"image\":{\"@id\":\"https:\/\/cdri.world\/#\/schema\/logo\/image\/\"}}]}<\/script>\n<!-- \/ Yoast SEO plugin. -->","yoast_head_json":{"title":"Work with us","robots":{"index":"index","follow":"follow","max-snippet":"max-snippet:-1","max-image-preview":"max-image-preview:large","max-video-preview":"max-video-preview:-1"},"canonical":"https:\/\/cdri.world\/fr\/work-with-us\/","og_locale":"fr_FR","og_type":"article","og_title":"Work with us","og_description":"Overview Careers Tenders At CDRI, our people are the driving force behind our mission for a disaster resilient future. We cultivate a collaborative, innovative, and inclusive environment that fosters growth and continuous learning. With competitive compensation and comprehensive benefits, we prioritize professional development and personal well-being. As an equal opportunity employer, we welcome diverse global [&hellip;]","og_url":"https:\/\/cdri.world\/fr\/work-with-us\/","article_modified_time":"2025-06-12T11:16:13+00:00","og_image":[{"width":1920,"height":520,"url":"https:\/\/dymez6ioe12by.cloudfront.net\/media\/wp-content\/uploads\/2025\/06\/11125202\/Work-With-US-1920X520.jpg","type":"image\/jpeg"}],"twitter_card":"summary_large_image","twitter_misc":{"Dur\u00e9e de lecture estim\u00e9e":"2 minutes"},"schema":{"@context":"https:\/\/schema.org","@graph":[{"@type":"WebPage","@id":"https:\/\/cdri.world\/work-with-us\/","url":"https:\/\/cdri.world\/work-with-us\/","name":"Work with us","isPartOf":{"@id":"https:\/\/cdri.world\/#website"},"primaryImageOfPage":{"@id":"https:\/\/cdri.world\/work-with-us\/#primaryimage"},"image":{"@id":"https:\/\/cdri.world\/work-with-us\/#primaryimage"},"thumbnailUrl":"https:\/\/dymez6ioe12by.cloudfront.net\/media\/wp-content\/uploads\/2025\/06\/11125202\/Work-With-US-1920X520.jpg","datePublished":"2025-05-12T10:08:03+00:00","dateModified":"2025-06-12T11:16:13+00:00","breadcrumb":{"@id":"https:\/\/cdri.world\/work-with-us\/#breadcrumb"},"inLanguage":"fr-FR","potentialAction":[{"@type":"ReadAction","target":["https:\/\/cdri.world\/work-with-us\/"]}]},{"@type":"ImageObject","inLanguage":"fr-FR","@id":"https:\/\/cdri.world\/work-with-us\/#primaryimage","url":"https:\/\/dymez6ioe12by.cloudfront.net\/media\/wp-content\/uploads\/2025\/06\/11125202\/Work-With-US-1920X520.jpg","contentUrl":"https:\/\/dymez6ioe12by.cloudfront.net\/media\/wp-content\/uploads\/2025\/06\/11125202\/Work-With-US-1920X520.jpg","width":1920,"height":520,"caption":"Work With Us 1920X520 \u2013"},{"@type":"BreadcrumbList","@id":"https:\/\/cdri.world\/work-with-us\/#breadcrumb","itemListElement":[{"@type":"ListItem","position":1,"name":"Home","item":"https:\/\/cdri.world\/"},{"@type":"ListItem","position":2,"name":"Work with us"}]},{"@type":"WebSite","@id":"https:\/\/cdri.world\/#website","url":"https:\/\/cdri.world\/","name":"CDRI","description":"CDRI","publisher":{"@id":"https:\/\/cdri.world\/#organization"},"potentialAction":[{"@type":"SearchAction","target":{"@type":"EntryPoint","urlTemplate":"https:\/\/cdri.world\/?s={search_term_string}"},"query-input":{"@type":"PropertyValueSpecification","valueRequired":true,"valueName":"search_term_string"}}],"inLanguage":"fr-FR"},{"@type":"Organization","@id":"https:\/\/cdri.world\/#organization","name":"Coalition for Disaster Resilient Infrastructure","url":"https:\/\/cdri.world\/","logo":{"@type":"ImageObject","inLanguage":"fr-FR","@id":"https:\/\/cdri.world\/#\/schema\/logo\/image\/","url":"https:\/\/dymez6ioe12by.cloudfront.net\/media\/wp-content\/uploads\/2025\/09\/25100323\/cropped-CDRI-Logo-Black-and-Red.png","contentUrl":"https:\/\/dymez6ioe12by.cloudfront.net\/media\/wp-content\/uploads\/2025\/09\/25100323\/cropped-CDRI-Logo-Black-and-Red.png","width":256,"height":70,"caption":"Coalition for Disaster Resilient Infrastructure"},"image":{"@id":"https:\/\/cdri.world\/#\/schema\/logo\/image\/"}}]}},"_links":{"self":[{"href":"https:\/\/cdri.world\/fr\/wp-json\/wp\/v2\/pages\/7364","targetHints":{"allow":["GET"]}}],"collection":[{"href":"https:\/\/cdri.world\/fr\/wp-json\/wp\/v2\/pages"}],"about":[{"href":"https:\/\/cdri.world\/fr\/wp-json\/wp\/v2\/types\/page"}],"author":[{"embeddable":true,"href":"https:\/\/cdri.world\/fr\/wp-json\/wp\/v2\/users\/1"}],"replies":[{"embeddable":true,"href":"https:\/\/cdri.world\/fr\/wp-json\/wp\/v2\/comments?post=7364"}],"version-history":[{"count":765,"href":"https:\/\/cdri.world\/fr\/wp-json\/wp\/v2\/pages\/7364\/revisions"}],"predecessor-version":[{"id":25705,"href":"https:\/\/cdri.world\/fr\/wp-json\/wp\/v2\/pages\/7364\/revisions\/25705"}],"wp:featuredmedia":[{"embeddable":true,"href":"https:\/\/cdri.world\/fr\/wp-json\/wp\/v2\/media\/22526"}],"wp:attachment":[{"href":"https:\/\/cdri.world\/fr\/wp-json\/wp\/v2\/media?parent=7364"}],"curies":[{"name":"wp","href":"https:\/\/api.w.org\/{rel}","templated":true}]}}