{"id":4189,"date":"2025-04-25T05:37:03","date_gmt":"2025-04-25T05:37:03","guid":{"rendered":"https:\/\/cdri.world\/?page_id=4189"},"modified":"2025-12-22T15:04:26","modified_gmt":"2025-12-22T09:34:26","slug":"contact-us","status":"publish","type":"page","link":"https:\/\/cdri.world\/fr\/contact-us\/","title":{"rendered":"Nous contacter"},"content":{"rendered":"<div data-elementor-type=\"wp-page\" data-elementor-id=\"4189\" class=\"elementor elementor-4189\" data-elementor-post-type=\"page\">\n\t\t\t\t<section class=\"elementor-element elementor-element-48933de e-con-full innerBanner e-flex e-con e-parent\" data-id=\"48933de\" data-element_type=\"container\">\n\t\t\t\t<div class=\"elementor-element elementor-element-3a3cb2f elementor-hidden-mobile elementor-invisible elementor-widget elementor-widget-theme-post-featured-image elementor-widget-image\" data-id=\"3a3cb2f\" data-element_type=\"widget\" data-settings=\"{&quot;_animation&quot;:&quot;fadeIn&quot;,&quot;_animation_delay&quot;:100}\" data-widget_type=\"theme-post-featured-image.default\">\n\t\t\t\t<div class=\"elementor-widget-container\">\n\t\t\t\t\t\t\t\t\t\t\t\t\t\t\t<img fetchpriority=\"high\" decoding=\"async\" width=\"1920\" height=\"520\" src=\"https:\/\/dymez6ioe12by.cloudfront.net\/media\/wp-content\/uploads\/2025\/05\/27112926\/Contact-Us-banner.jpg\" class=\"attachment-full size-full wp-image-13918\" alt=\"Contact Us Banner \u2013\" srcset=\"https:\/\/dymez6ioe12by.cloudfront.net\/media\/wp-content\/uploads\/2025\/05\/27112926\/Contact-Us-banner.jpg 1920w, https:\/\/dymez6ioe12by.cloudfront.net\/media\/wp-content\/uploads\/2025\/05\/27112926\/Contact-Us-banner-300x81.jpg 300w, https:\/\/dymez6ioe12by.cloudfront.net\/media\/wp-content\/uploads\/2025\/05\/27112926\/Contact-Us-banner-1024x277.jpg 1024w, https:\/\/dymez6ioe12by.cloudfront.net\/media\/wp-content\/uploads\/2025\/05\/27112926\/Contact-Us-banner-768x208.jpg 768w, https:\/\/dymez6ioe12by.cloudfront.net\/media\/wp-content\/uploads\/2025\/05\/27112926\/Contact-Us-banner-1536x416.jpg 1536w\" sizes=\"(max-width: 1920px) 100vw, 1920px\" \/>\t\t\t\t\t\t\t\t\t\t\t\t\t\t\t<\/div>\n\t\t\t\t<\/div>\n\t\t\t\t<div class=\"elementor-element elementor-element-0c9adb3 elementor-hidden-desktop elementor-hidden-tablet elementor-widget elementor-widget-image\" data-id=\"0c9adb3\" data-element_type=\"widget\" data-widget_type=\"image.default\">\n\t\t\t\t<div class=\"elementor-widget-container\">\n\t\t\t\t\t\t\t\t\t\t\t\t\t\t\t<img decoding=\"async\" width=\"576\" height=\"874\" src=\"https:\/\/dymez6ioe12by.cloudfront.net\/media\/wp-content\/uploads\/2025\/05\/30061428\/Contact-Us-mobile-banner.jpg\" class=\"attachment-full size-full wp-image-17068\" alt=\"Contact Us Mobile Banner \u2013\" srcset=\"https:\/\/dymez6ioe12by.cloudfront.net\/media\/wp-content\/uploads\/2025\/05\/30061428\/Contact-Us-mobile-banner.jpg 576w, https:\/\/dymez6ioe12by.cloudfront.net\/media\/wp-content\/uploads\/2025\/05\/30061428\/Contact-Us-mobile-banner-198x300.jpg 198w\" sizes=\"(max-width: 576px) 100vw, 576px\" \/>\t\t\t\t\t\t\t\t\t\t\t\t\t\t\t<\/div>\n\t\t\t\t<\/div>\n\t\t<div class=\"elementor-element elementor-element-b5f1cb0 bannerTitle e-flex e-con-boxed elementor-invisible e-con e-child\" data-id=\"b5f1cb0\" data-element_type=\"container\" data-settings=\"{&quot;animation&quot;:&quot;fadeIn&quot;,&quot;animation_delay&quot;:1000}\">\n\t\t\t\t\t<div class=\"e-con-inner\">\n\t\t\t\t<div class=\"elementor-element elementor-element-bf2479a elementor-align-left breadcrumb_custom elementor-invisible elementor-widget elementor-widget-breadcrumbs\" data-id=\"bf2479a\" data-element_type=\"widget\" data-settings=\"{&quot;_animation&quot;:&quot;fadeInUp&quot;,&quot;_animation_delay&quot;:1400}\" data-widget_type=\"breadcrumbs.default\">\n\t\t\t\t<div class=\"elementor-widget-container\">\n\t\t\t\t\t<p id=\"breadcrumbs\"><span><span><a href=\"https:\/\/cdri.world\/fr\/\">Page d\u2019accueil<\/a><\/span><\/span><\/p>\t\t\t\t<\/div>\n\t\t\t\t<\/div>\n\t\t\t\t\t<\/div>\n\t\t\t\t<\/div>\n\t\t\t\t<\/section>\n\t\t<section class=\"elementor-element elementor-element-11b59b1 e-con-full tabList e-flex e-con e-child\" data-id=\"11b59b1\" data-element_type=\"container\" data-settings=\"{&quot;background_background&quot;:&quot;classic&quot;}\">\n\t\t\t\t<div class=\"elementor-element elementor-element-f8f7959 elementor-invisible elementor-widget elementor-widget-text-editor\" data-id=\"f8f7959\" data-element_type=\"widget\" data-settings=\"{&quot;_animation&quot;:&quot;fadeIn&quot;,&quot;_animation_delay&quot;:1500}\" data-widget_type=\"text-editor.default\">\n\t\t\t\t<div class=\"elementor-widget-container\">\n\t\t\t\t\t\t\t\t\t<ul><li><a href=\"#getintouch\">Contactez-nous<\/a><\/li><\/ul>\t\t\t\t\t\t\t\t<\/div>\n\t\t\t\t<\/div>\n\t\t\t\t<\/section>\n\t\t<section class=\"elementor-element elementor-element-5504d0f contact_us e-con-full e-flex e-con e-parent\" data-id=\"5504d0f\" data-element_type=\"container\">\n\t\t<div class=\"elementor-element elementor-element-44f2edc e-con-full contact_details e-flex e-con e-child\" data-id=\"44f2edc\" data-element_type=\"container\">\n\t\t\t\t<div class=\"elementor-element elementor-element-03e03d2 elementor-position-left elementor-view-default elementor-mobile-position-top elementor-vertical-align-top elementor-invisible elementor-widget elementor-widget-icon-box\" data-id=\"03e03d2\" data-element_type=\"widget\" data-settings=\"{&quot;_animation&quot;:&quot;fadeInUp&quot;,&quot;_animation_delay&quot;:100}\" data-widget_type=\"icon-box.default\">\n\t\t\t\t<div class=\"elementor-widget-container\">\n\t\t\t\t\t\t\t<div class=\"elementor-icon-box-wrapper\">\n\n\t\t\t\t\t\t<div class=\"elementor-icon-box-icon\">\n\t\t\t\t<span  class=\"elementor-icon\">\n\t\t\t\t<svg xmlns=\"http:\/\/www.w3.org\/2000\/svg\" width=\"28\" height=\"28\" viewbox=\"0 0 28 28\" fill=\"none\"><path fill-rule=\"evenodd\" clip-rule=\"evenodd\" d=\"M16.1 0C13.4064 0 11.2 2.2008 11.2 4.88628C11.2 5.27828 11.2476 5.65907 11.3361 6.02503L9.56648 6.84683L0.99484 2.86524C0.904449 2.8232 0.806122 2.80096 0.70644 2.8C0.613974 2.79915 0.522256 2.81662 0.436583 2.85142C0.350911 2.88622 0.272982 2.93765 0.207297 3.00273C0.141612 3.06782 0.0894739 3.14527 0.0538936 3.23062C0.0183133 3.31597 -3.91277e-06 3.40753 6.2693e-10 3.5L6.2693e-10 23.1812C2.23863e-05 23.3146 0.0381708 23.4452 0.109952 23.5577C0.181733 23.6701 0.284157 23.7597 0.40516 23.8159L9.27164 27.9347C9.36597 27.9786 9.46889 28.0009 9.57292 28C9.67277 27.9992 9.7713 27.977 9.86188 27.935L18.4335 23.9531L27.0052 27.9347C27.1118 27.9843 27.2292 28.0061 27.3466 27.9983C27.4639 27.9905 27.5774 27.9532 27.6765 27.89C27.7757 27.8267 27.8573 27.7395 27.9138 27.6364C27.9703 27.5333 28 27.4176 28 27.3V7.61879C28 7.48538 27.9618 7.35475 27.89 7.24229C27.8183 7.12983 27.7158 7.04023 27.5948 6.98403L20.8905 3.8696C20.4176 1.66712 18.4439 0 16.1 0ZM16.1 2.28984C17.5504 2.28984 18.7037 3.44008 18.7037 4.88628C18.7037 6.33247 17.5501 7.48243 16.1 7.48243C14.6496 7.48243 13.4963 6.33247 13.4963 4.88628C13.4963 3.44008 14.6499 2.28984 16.1 2.28984ZM1.4 4.59704L9.037 8.14463L9.14088 26.3306L1.4 22.7337V4.59704ZM20.9644 5.44739L26.6 8.06539V26.2029L18.8502 22.603L18.7779 9.99795L20.4515 7.15035C20.5274 7.01315 20.587 6.86727 20.6391 6.71775C20.8046 6.31101 20.9141 5.88364 20.9644 5.44739ZM11.8628 7.32423C11.9356 7.44911 12.0114 7.57147 12.0946 7.68907L15.5022 13.5789C15.9793 14.2024 16.2966 14.084 16.6933 13.5461L17.9463 11.4139L18.0102 22.6055L9.98088 26.3359L9.87756 8.24627L11.8628 7.32423Z\" fill=\"#C92730\"><\/path><\/svg>\t\t\t\t<\/span>\n\t\t\t<\/div>\n\t\t\t\n\t\t\t\t\t\t<div class=\"elementor-icon-box-content\">\n\n\t\t\t\t\t\t\t\t\t<h3 class=\"elementor-icon-box-title\">\n\t\t\t\t\t\t<span  >\n\t\t\t\t\t\t\tAdresse\t\t\t\t\t\t<\/span>\n\t\t\t\t\t<\/h3>\n\t\t\t\t\n\t\t\t\t\t\t\t\t\t<p class=\"elementor-icon-box-description\">\n\t\t\t\t\t\tCoalition for Disaster Resilient Infrastructure,<br>\n\n3\u00e8me et 4\u00e8me \u00e9tage, IIPA Bhawan, <br>\nIndian Institute of Public Administration Campus<br>\n\nIIPA Bhawan, Indraprastha Estate Mahatma Gandhi Road,<br>\n\nNew Delhi \u2013 110002, Inde\t\t\t\t\t<\/p>\n\t\t\t\t\n\t\t\t<\/div>\n\t\t\t\n\t\t<\/div>\n\t\t\t\t\t\t<\/div>\n\t\t\t\t<\/div>\n\t\t\t\t<div class=\"elementor-element elementor-element-0a46ddd elementor-position-left elementor-view-default elementor-mobile-position-top elementor-vertical-align-top elementor-invisible elementor-widget elementor-widget-icon-box\" data-id=\"0a46ddd\" data-element_type=\"widget\" data-settings=\"{&quot;_animation&quot;:&quot;fadeInUp&quot;,&quot;_animation_delay&quot;:300}\" data-widget_type=\"icon-box.default\">\n\t\t\t\t<div class=\"elementor-widget-container\">\n\t\t\t\t\t\t\t<div class=\"elementor-icon-box-wrapper\">\n\n\t\t\t\t\t\t<div class=\"elementor-icon-box-icon\">\n\t\t\t\t<span  class=\"elementor-icon\">\n\t\t\t\t<svg xmlns=\"http:\/\/www.w3.org\/2000\/svg\" width=\"28\" height=\"22\" viewbox=\"0 0 28 22\" fill=\"none\"><path d=\"M24.4771 0H3.5229C2.58857 0 1.69251 0.365131 1.03183 1.01507C0.371162 1.66501 0 2.54651 0 3.46566V18.5343C0 19.4535 0.371162 20.335 1.03183 20.9849C1.69251 21.6349 2.58857 22 3.5229 22H24.4771C25.4114 22 26.3075 21.6349 26.9682 20.9849C27.6288 20.335 28 19.4535 28 18.5343V3.46566C28 2.54651 27.6288 1.66501 26.9682 1.01507C26.3075 0.365131 25.4114 0 24.4771 0ZM3.5229 1.38626H24.4771C25.0104 1.38508 25.5241 1.58357 25.9141 1.94144C26.304 2.2993 26.541 2.78973 26.5767 3.31317C23.0961 5.14304 19.6014 6.95904 16.1067 8.78891C15.6347 9.08171 15.1343 9.32782 14.613 9.52363C14.2042 9.60326 13.7829 9.59623 13.3771 9.503C12.9713 9.40978 12.5903 9.2325 12.2597 8.98299C10.2587 7.94329 8.25768 6.88973 6.27076 5.85003C4.66432 5.01827 3.02969 4.17265 1.42325 3.32703C1.4556 2.80113 1.69101 2.30726 2.08132 1.94649C2.47163 1.58571 2.98733 1.3853 3.5229 1.38626ZM26.5908 18.5343C26.5908 19.0858 26.3681 19.6147 25.9717 20.0047C25.5753 20.3947 25.0377 20.6137 24.4771 20.6137H3.5229C2.9623 20.6137 2.42466 20.3947 2.02826 20.0047C1.63186 19.6147 1.40916 19.0858 1.40916 18.5343V4.90044C4.73478 6.61941 8.0463 8.3661 11.3719 10.0989C11.9659 10.4576 12.6056 10.7373 13.2743 10.9307C14.2528 11.0875 15.2557 10.8852 16.0926 10.3623C18.1359 9.30876 20.1651 8.24134 22.2084 7.18778C23.6739 6.41147 25.1253 5.66289 26.5908 4.90044V18.5343Z\" fill=\"#C92730\"><\/path><\/svg>\t\t\t\t<\/span>\n\t\t\t<\/div>\n\t\t\t\n\t\t\t\t\t\t<div class=\"elementor-icon-box-content\">\n\n\t\t\t\t\t\t\t\t\t<h3 class=\"elementor-icon-box-title\">\n\t\t\t\t\t\t<span  >\n\t\t\t\t\t\t\tEmail\t\t\t\t\t\t<\/span>\n\t\t\t\t\t<\/h3>\n\t\t\t\t\n\t\t\t\t\t\t\t\t\t<p class=\"elementor-icon-box-description\">\n\t\t\t\t\t\t<a href=\"mailto:info@cdri.world\">info@cdri.world<\/a>\n\t\t\t\t\t<\/p>\n\t\t\t\t\n\t\t\t<\/div>\n\t\t\t\n\t\t<\/div>\n\t\t\t\t\t\t<\/div>\n\t\t\t\t<\/div>\n\t\t\t\t<div class=\"elementor-element elementor-element-3eef154 elementor-position-left elementor-view-default elementor-mobile-position-top elementor-vertical-align-top elementor-invisible elementor-widget elementor-widget-icon-box\" data-id=\"3eef154\" data-element_type=\"widget\" data-settings=\"{&quot;_animation&quot;:&quot;fadeInUp&quot;,&quot;_animation_delay&quot;:600}\" data-widget_type=\"icon-box.default\">\n\t\t\t\t<div class=\"elementor-widget-container\">\n\t\t\t\t\t\t\t<div class=\"elementor-icon-box-wrapper\">\n\n\t\t\t\t\t\t<div class=\"elementor-icon-box-icon\">\n\t\t\t\t<span  class=\"elementor-icon\">\n\t\t\t\t<svg xmlns=\"http:\/\/www.w3.org\/2000\/svg\" width=\"27\" height=\"27\" viewbox=\"0 0 27 27\" fill=\"none\"><path d=\"M24.8684 27C25.4337 27 25.9759 26.7754 26.3757 26.3757C26.7754 25.9759 27 25.4337 27 24.8684V19.8947C27 19.3294 26.7754 18.7872 26.3757 18.3875C25.9759 17.9877 25.4337 17.7632 24.8684 17.7632C23.2058 17.7632 21.5716 17.5074 20.0084 16.9816C19.6347 16.8636 19.2358 16.8503 18.855 16.9429C18.4742 17.0356 18.1261 17.2308 17.8484 17.5074L15.8021 19.5537C12.2669 17.6245 9.3613 14.7189 7.4321 11.1837L9.46421 9.15158C10.0468 8.59737 10.26 7.77316 10.0042 6.97737C9.49263 5.42842 9.23684 3.79421 9.23684 2.13158C9.23684 1.56625 9.01227 1.02407 8.61252 0.624325C8.21277 0.224576 7.67059 0 7.10526 0H2.13158C1.56625 0 1.02407 0.224576 0.624325 0.624325C0.224576 1.02407 0 1.56625 0 2.13158C0 15.8447 11.1553 27 24.8684 27ZM2.13158 1.42105H7.10526C7.29371 1.42105 7.47443 1.49591 7.60768 1.62916C7.74093 1.76241 7.81579 1.94314 7.81579 2.13158C7.81579 3.95053 8.1 5.72684 8.65421 7.41789C8.72526 7.61684 8.71105 7.90105 8.48368 8.12842L5.68421 10.9137C8.02895 15.5037 11.4679 18.9426 16.0721 21.3158L18.8432 18.5163C19.0421 18.3174 19.3121 18.2605 19.5679 18.3316C21.2732 18.9 23.0495 19.1842 24.8684 19.1842C25.0569 19.1842 25.2376 19.2591 25.3708 19.3923C25.5041 19.5256 25.5789 19.7063 25.5789 19.8947V24.8684C25.5789 25.0569 25.5041 25.2376 25.3708 25.3708C25.2376 25.5041 25.0569 25.5789 24.8684 25.5789C11.9368 25.5789 1.42105 15.0632 1.42105 2.13158C1.42105 1.94314 1.49591 1.76241 1.62916 1.62916C1.76241 1.49591 1.94314 1.42105 2.13158 1.42105Z\" fill=\"#C92730\"><\/path><\/svg>\t\t\t\t<\/span>\n\t\t\t<\/div>\n\t\t\t\n\t\t\t\t\t\t<div class=\"elementor-icon-box-content\">\n\n\t\t\t\t\t\t\t\t\t<h3 class=\"elementor-icon-box-title\">\n\t\t\t\t\t\t<span  >\n\t\t\t\t\t\t\tT\u00e9l\u00e9phone\u202f\t\t\t\t\t\t<\/span>\n\t\t\t\t\t<\/h3>\n\t\t\t\t\n\t\t\t\t\t\t\t\t\t<p class=\"elementor-icon-box-description\">\n\t\t\t\t\t\t<a href=\"tel:+911135059999\">+91-11-3505-9999<\/a>\n\t\t\t\t\t<\/p>\n\t\t\t\t\n\t\t\t<\/div>\n\t\t\t\n\t\t<\/div>\n\t\t\t\t\t\t<\/div>\n\t\t\t\t<\/div>\n\t\t\t\t<\/div>\n\t\t<div class=\"elementor-element elementor-element-c32445a e-con-full contact_form e-flex e-con e-child\" data-id=\"c32445a\" data-element_type=\"container\">\n\t\t\t\t<div class=\"elementor-element elementor-element-f7415f8 elementor-invisible elementor-widget elementor-widget-shortcode\" data-id=\"f7415f8\" data-element_type=\"widget\" data-settings=\"{&quot;_animation&quot;:&quot;fadeInUp&quot;,&quot;_animation_delay&quot;:100}\" data-widget_type=\"shortcode.default\">\n\t\t\t\t<div class=\"elementor-widget-container\">\n\t\t\t\t\t\t\t<div class=\"elementor-shortcode\">\n<div class=\"wpcf7 no-js\" id=\"wpcf7-f4252-o1\" lang=\"en-US\" dir=\"ltr\" data-wpcf7-id=\"4252\">\n<div class=\"screen-reader-response\"><p role=\"status\" aria-live=\"polite\" aria-atomic=\"true\"><\/p> <ul><\/ul><\/div>\n<form action=\"\/fr\/wp-json\/wp\/v2\/pages\/4189#wpcf7-f4252-o1\" method=\"post\" class=\"wpcf7-form init\" aria-label=\"Contact form\" novalidate=\"novalidate\" data-status=\"init\" data-trp-original-action=\"\/fr\/wp-json\/wp\/v2\/pages\/4189#wpcf7-f4252-o1\">\n<div style=\"display: none;\">\n<input type=\"hidden\" name=\"_wpcf7\" value=\"4252\" \/>\n<input type=\"hidden\" name=\"_wpcf7_version\" value=\"6.0.6\" \/>\n<input type=\"hidden\" name=\"_wpcf7_locale\" value=\"en_US\" \/>\n<input type=\"hidden\" name=\"_wpcf7_unit_tag\" value=\"wpcf7-f4252-o1\" \/>\n<input type=\"hidden\" name=\"_wpcf7_container_post\" value=\"0\" \/>\n<input type=\"hidden\" name=\"_wpcf7_posted_data_hash\" value=\"\" \/>\n<\/div>\n<div class=\"formCloumn\">\n\t<div class=\"w-50\">\n\t\t<p><span class=\"wpcf7-form-control-wrap\" data-name=\"your-name\"><input size=\"40\" maxlength=\"400\" class=\"wpcf7-form-control wpcf7-text wpcf7-validates-as-required\" aria-required=\"true\" aria-invalid=\"false\" placeholder=\"Nom\" value=\"\" type=\"text\" name=\"your-name\" \/><\/span>\n\t\t<\/p>\n\t<\/div>\n\t<div class=\"w-50\">\n\t\t<p><span class=\"wpcf7-form-control-wrap\" data-name=\"your-name\"><input size=\"40\" maxlength=\"400\" class=\"wpcf7-form-control wpcf7-text wpcf7-validates-as-required\" aria-required=\"true\" aria-invalid=\"false\" placeholder=\"Pr\u00e9nom\" value=\"\" type=\"text\" name=\"your-name\" \/><\/span>\n\t\t<\/p>\n\t<\/div>\n<\/div>\n<p><span class=\"wpcf7-form-control-wrap\" data-name=\"organisation\"><input size=\"40\" maxlength=\"400\" class=\"wpcf7-form-control wpcf7-text\" aria-invalid=\"false\" placeholder=\"Entreprise\/Organisation\" value=\"\" type=\"text\" name=\"organisation\" \/><\/span><span class=\"wpcf7-form-control-wrap\" data-name=\"email\"><input size=\"40\" maxlength=\"400\" class=\"wpcf7-form-control wpcf7-email wpcf7-validates-as-required wpcf7-text wpcf7-validates-as-email\" aria-required=\"true\" aria-invalid=\"false\" placeholder=\"Adresse email\" value=\"\" type=\"email\" name=\"email\" \/><\/span><span class=\"wpcf7-form-control-wrap\" data-name=\"number\"><input size=\"40\" maxlength=\"400\" class=\"wpcf7-form-control wpcf7-tel wpcf7-validates-as-required wpcf7-text wpcf7-validates-as-tel\" aria-required=\"true\" aria-invalid=\"false\" placeholder=\"Num\u00e9ro de t\u00e9l\u00e9phone\" value=\"\" type=\"tel\" name=\"number\" \/><\/span><span class=\"wpcf7-form-control-wrap\" data-name=\"message\"><textarea cols=\"40\" rows=\"10\" maxlength=\"2000\" class=\"wpcf7-form-control wpcf7-textarea wpcf7-validates-as-required\" aria-required=\"true\" aria-invalid=\"false\" placeholder=\"Message\" name=\"message\"><\/textarea><\/span><input class=\"wpcf7-form-control wpcf7-submit has-spinner\" type=\"submit\" value=\"Envoyer\" \/>\n<\/p><div class=\"wpcf7-response-output\" aria-hidden=\"true\"><\/div>\n<input type=\"hidden\" name=\"trp-form-language\" value=\"fr\"\/><\/form>\n<\/div>\n<\/div>\n\t\t\t\t\t\t<\/div>\n\t\t\t\t<\/div>\n\t\t\t\t<\/div>\n\t\t\t\t<\/section>\n\t\t\t\t<\/div>","protected":false},"excerpt":{"rendered":"<p>Get in touch Address Coalition for Disaster Resilient Infrastructure 3rd and 4th floor, IIPA Bhawan Indian Institute of Public Administration Campus Indraprastha Estate, Mahatma Gandhi Road New Delhi &#8211; 110002, India Email info@cdri.world Contact +91-11-3505-9999<\/p>","protected":false},"author":1,"featured_media":13918,"parent":0,"menu_order":0,"comment_status":"closed","ping_status":"closed","template":"","meta":{"_acf_changed":false,"footnotes":""},"class_list":["post-4189","page","type-page","status-publish","has-post-thumbnail","hentry"],"acf":[],"yoast_head":"<!-- This site is optimized with the Yoast SEO plugin v24.9 - https:\/\/yoast.com\/wordpress\/plugins\/seo\/ -->\n<title>Contact us<\/title>\n<meta name=\"robots\" content=\"index, follow, max-snippet:-1, max-image-preview:large, max-video-preview:-1\" \/>\n<link rel=\"canonical\" href=\"https:\/\/cdri.world\/fr\/contact-us\/\" \/>\n<meta property=\"og:locale\" content=\"fr_FR\" \/>\n<meta property=\"og:type\" content=\"article\" \/>\n<meta property=\"og:title\" content=\"Contact us\" \/>\n<meta property=\"og:description\" content=\"Get in touch Address Coalition for Disaster Resilient Infrastructure 3rd and 4th floor, IIPA Bhawan Indian Institute of Public Administration Campus Indraprastha Estate, Mahatma Gandhi Road New Delhi &#8211; 110002, India Email info@cdri.world Contact +91-11-3505-9999\" \/>\n<meta property=\"og:url\" content=\"https:\/\/cdri.world\/fr\/contact-us\/\" \/>\n<meta property=\"article:modified_time\" content=\"2025-12-22T09:34:26+00:00\" \/>\n<meta property=\"og:image\" content=\"https:\/\/dymez6ioe12by.cloudfront.net\/media\/wp-content\/uploads\/2025\/05\/27112926\/Contact-Us-banner.jpg\" \/>\n\t<meta property=\"og:image:width\" content=\"1920\" \/>\n\t<meta property=\"og:image:height\" content=\"520\" \/>\n\t<meta property=\"og:image:type\" content=\"image\/jpeg\" \/>\n<meta name=\"twitter:card\" content=\"summary_large_image\" \/>\n<meta name=\"twitter:label1\" content=\"Dur\u00e9e de lecture estim\u00e9e\" \/>\n\t<meta name=\"twitter:data1\" content=\"1 minute\" \/>\n<script type=\"application\/ld+json\" class=\"yoast-schema-graph\">{\"@context\":\"https:\/\/schema.org\",\"@graph\":[{\"@type\":\"WebPage\",\"@id\":\"https:\/\/cdri.world\/contact-us\/\",\"url\":\"https:\/\/cdri.world\/contact-us\/\",\"name\":\"Contact us\",\"isPartOf\":{\"@id\":\"https:\/\/cdri.world\/#website\"},\"primaryImageOfPage\":{\"@id\":\"https:\/\/cdri.world\/contact-us\/#primaryimage\"},\"image\":{\"@id\":\"https:\/\/cdri.world\/contact-us\/#primaryimage\"},\"thumbnailUrl\":\"https:\/\/dymez6ioe12by.cloudfront.net\/media\/wp-content\/uploads\/2025\/05\/27112926\/Contact-Us-banner.jpg\",\"datePublished\":\"2025-04-25T05:37:03+00:00\",\"dateModified\":\"2025-12-22T09:34:26+00:00\",\"breadcrumb\":{\"@id\":\"https:\/\/cdri.world\/contact-us\/#breadcrumb\"},\"inLanguage\":\"fr-FR\",\"potentialAction\":[{\"@type\":\"ReadAction\",\"target\":[\"https:\/\/cdri.world\/contact-us\/\"]}]},{\"@type\":\"ImageObject\",\"inLanguage\":\"fr-FR\",\"@id\":\"https:\/\/cdri.world\/contact-us\/#primaryimage\",\"url\":\"https:\/\/dymez6ioe12by.cloudfront.net\/media\/wp-content\/uploads\/2025\/05\/27112926\/Contact-Us-banner.jpg\",\"contentUrl\":\"https:\/\/dymez6ioe12by.cloudfront.net\/media\/wp-content\/uploads\/2025\/05\/27112926\/Contact-Us-banner.jpg\",\"width\":1920,\"height\":520,\"caption\":\"Contact Us Banner \u2013\"},{\"@type\":\"BreadcrumbList\",\"@id\":\"https:\/\/cdri.world\/contact-us\/#breadcrumb\",\"itemListElement\":[{\"@type\":\"ListItem\",\"position\":1,\"name\":\"Home\",\"item\":\"https:\/\/cdri.world\/\"},{\"@type\":\"ListItem\",\"position\":2,\"name\":\"Contact us\"}]},{\"@type\":\"WebSite\",\"@id\":\"https:\/\/cdri.world\/#website\",\"url\":\"https:\/\/cdri.world\/\",\"name\":\"CDRI\",\"description\":\"CDRI\",\"publisher\":{\"@id\":\"https:\/\/cdri.world\/#organization\"},\"potentialAction\":[{\"@type\":\"SearchAction\",\"target\":{\"@type\":\"EntryPoint\",\"urlTemplate\":\"https:\/\/cdri.world\/?s={search_term_string}\"},\"query-input\":{\"@type\":\"PropertyValueSpecification\",\"valueRequired\":true,\"valueName\":\"search_term_string\"}}],\"inLanguage\":\"fr-FR\"},{\"@type\":\"Organization\",\"@id\":\"https:\/\/cdri.world\/#organization\",\"name\":\"Coalition for Disaster Resilient Infrastructure\",\"url\":\"https:\/\/cdri.world\/\",\"logo\":{\"@type\":\"ImageObject\",\"inLanguage\":\"fr-FR\",\"@id\":\"https:\/\/cdri.world\/#\/schema\/logo\/image\/\",\"url\":\"https:\/\/dymez6ioe12by.cloudfront.net\/media\/wp-content\/uploads\/2025\/09\/25100323\/cropped-CDRI-Logo-Black-and-Red.png\",\"contentUrl\":\"https:\/\/dymez6ioe12by.cloudfront.net\/media\/wp-content\/uploads\/2025\/09\/25100323\/cropped-CDRI-Logo-Black-and-Red.png\",\"width\":256,\"height\":70,\"caption\":\"Coalition for Disaster Resilient Infrastructure\"},\"image\":{\"@id\":\"https:\/\/cdri.world\/#\/schema\/logo\/image\/\"}}]}<\/script>\n<!-- \/ Yoast SEO plugin. -->","yoast_head_json":{"title":"Contact us","robots":{"index":"index","follow":"follow","max-snippet":"max-snippet:-1","max-image-preview":"max-image-preview:large","max-video-preview":"max-video-preview:-1"},"canonical":"https:\/\/cdri.world\/fr\/contact-us\/","og_locale":"fr_FR","og_type":"article","og_title":"Contact us","og_description":"Get in touch Address Coalition for Disaster Resilient Infrastructure 3rd and 4th floor, IIPA Bhawan Indian Institute of Public Administration Campus Indraprastha Estate, Mahatma Gandhi Road New Delhi &#8211; 110002, India Email info@cdri.world Contact +91-11-3505-9999","og_url":"https:\/\/cdri.world\/fr\/contact-us\/","article_modified_time":"2025-12-22T09:34:26+00:00","og_image":[{"width":1920,"height":520,"url":"https:\/\/dymez6ioe12by.cloudfront.net\/media\/wp-content\/uploads\/2025\/05\/27112926\/Contact-Us-banner.jpg","type":"image\/jpeg"}],"twitter_card":"summary_large_image","twitter_misc":{"Dur\u00e9e de lecture estim\u00e9e":"1 minute"},"schema":{"@context":"https:\/\/schema.org","@graph":[{"@type":"WebPage","@id":"https:\/\/cdri.world\/contact-us\/","url":"https:\/\/cdri.world\/contact-us\/","name":"Contact us","isPartOf":{"@id":"https:\/\/cdri.world\/#website"},"primaryImageOfPage":{"@id":"https:\/\/cdri.world\/contact-us\/#primaryimage"},"image":{"@id":"https:\/\/cdri.world\/contact-us\/#primaryimage"},"thumbnailUrl":"https:\/\/dymez6ioe12by.cloudfront.net\/media\/wp-content\/uploads\/2025\/05\/27112926\/Contact-Us-banner.jpg","datePublished":"2025-04-25T05:37:03+00:00","dateModified":"2025-12-22T09:34:26+00:00","breadcrumb":{"@id":"https:\/\/cdri.world\/contact-us\/#breadcrumb"},"inLanguage":"fr-FR","potentialAction":[{"@type":"ReadAction","target":["https:\/\/cdri.world\/contact-us\/"]}]},{"@type":"ImageObject","inLanguage":"fr-FR","@id":"https:\/\/cdri.world\/contact-us\/#primaryimage","url":"https:\/\/dymez6ioe12by.cloudfront.net\/media\/wp-content\/uploads\/2025\/05\/27112926\/Contact-Us-banner.jpg","contentUrl":"https:\/\/dymez6ioe12by.cloudfront.net\/media\/wp-content\/uploads\/2025\/05\/27112926\/Contact-Us-banner.jpg","width":1920,"height":520,"caption":"Contact Us Banner \u2013"},{"@type":"BreadcrumbList","@id":"https:\/\/cdri.world\/contact-us\/#breadcrumb","itemListElement":[{"@type":"ListItem","position":1,"name":"Home","item":"https:\/\/cdri.world\/"},{"@type":"ListItem","position":2,"name":"Contact us"}]},{"@type":"WebSite","@id":"https:\/\/cdri.world\/#website","url":"https:\/\/cdri.world\/","name":"CDRI","description":"CDRI","publisher":{"@id":"https:\/\/cdri.world\/#organization"},"potentialAction":[{"@type":"SearchAction","target":{"@type":"EntryPoint","urlTemplate":"https:\/\/cdri.world\/?s={search_term_string}"},"query-input":{"@type":"PropertyValueSpecification","valueRequired":true,"valueName":"search_term_string"}}],"inLanguage":"fr-FR"},{"@type":"Organization","@id":"https:\/\/cdri.world\/#organization","name":"Coalition for Disaster Resilient Infrastructure","url":"https:\/\/cdri.world\/","logo":{"@type":"ImageObject","inLanguage":"fr-FR","@id":"https:\/\/cdri.world\/#\/schema\/logo\/image\/","url":"https:\/\/dymez6ioe12by.cloudfront.net\/media\/wp-content\/uploads\/2025\/09\/25100323\/cropped-CDRI-Logo-Black-and-Red.png","contentUrl":"https:\/\/dymez6ioe12by.cloudfront.net\/media\/wp-content\/uploads\/2025\/09\/25100323\/cropped-CDRI-Logo-Black-and-Red.png","width":256,"height":70,"caption":"Coalition for Disaster Resilient Infrastructure"},"image":{"@id":"https:\/\/cdri.world\/#\/schema\/logo\/image\/"}}]}},"_links":{"self":[{"href":"https:\/\/cdri.world\/fr\/wp-json\/wp\/v2\/pages\/4189","targetHints":{"allow":["GET"]}}],"collection":[{"href":"https:\/\/cdri.world\/fr\/wp-json\/wp\/v2\/pages"}],"about":[{"href":"https:\/\/cdri.world\/fr\/wp-json\/wp\/v2\/types\/page"}],"author":[{"embeddable":true,"href":"https:\/\/cdri.world\/fr\/wp-json\/wp\/v2\/users\/1"}],"replies":[{"embeddable":true,"href":"https:\/\/cdri.world\/fr\/wp-json\/wp\/v2\/comments?post=4189"}],"version-history":[{"count":213,"href":"https:\/\/cdri.world\/fr\/wp-json\/wp\/v2\/pages\/4189\/revisions"}],"predecessor-version":[{"id":31255,"href":"https:\/\/cdri.world\/fr\/wp-json\/wp\/v2\/pages\/4189\/revisions\/31255"}],"wp:featuredmedia":[{"embeddable":true,"href":"https:\/\/cdri.world\/fr\/wp-json\/wp\/v2\/media\/13918"}],"wp:attachment":[{"href":"https:\/\/cdri.world\/fr\/wp-json\/wp\/v2\/media?parent=4189"}],"curies":[{"name":"wp","href":"https:\/\/api.w.org\/{rel}","templated":true}]}}