{"id":4185,"date":"2025-04-25T05:35:25","date_gmt":"2025-04-25T05:35:25","guid":{"rendered":"https:\/\/cdri.world\/?page_id=4185"},"modified":"2025-07-01T11:04:38","modified_gmt":"2025-07-01T11:04:38","slug":"what-we-do","status":"publish","type":"page","link":"https:\/\/cdri.world\/es\/what-we-do\/","title":{"rendered":"Qu\u00e9 hacemos"},"content":{"rendered":"<div data-elementor-type=\"wp-page\" data-elementor-id=\"4185\" class=\"elementor elementor-4185\" data-elementor-post-type=\"page\">\n\t\t\t\t<section class=\"elementor-element elementor-element-34110fa e-con-full innerBanner e-flex e-con e-parent\" data-id=\"34110fa\" data-element_type=\"container\">\n\t\t\t\t<div class=\"elementor-element elementor-element-41f0cff elementor-hidden-mobile elementor-invisible elementor-widget elementor-widget-theme-post-featured-image elementor-widget-image\" data-id=\"41f0cff\" data-element_type=\"widget\" data-settings=\"{&quot;_animation&quot;:&quot;fadeIn&quot;,&quot;_animation_delay&quot;:100}\" data-widget_type=\"theme-post-featured-image.default\">\n\t\t\t\t<div class=\"elementor-widget-container\">\n\t\t\t\t\t\t\t\t\t\t\t\t\t\t\t<img fetchpriority=\"high\" decoding=\"async\" width=\"1920\" height=\"520\" src=\"https:\/\/dymez6ioe12by.cloudfront.net\/media\/wp-content\/uploads\/2025\/05\/27113423\/What-We-do-banner.jpg\" class=\"attachment-full size-full wp-image-13936\" alt=\"What We Do Banner \u2013\" srcset=\"https:\/\/dymez6ioe12by.cloudfront.net\/media\/wp-content\/uploads\/2025\/05\/27113423\/What-We-do-banner.jpg 1920w, https:\/\/dymez6ioe12by.cloudfront.net\/media\/wp-content\/uploads\/2025\/05\/27113423\/What-We-do-banner-300x81.jpg 300w, https:\/\/dymez6ioe12by.cloudfront.net\/media\/wp-content\/uploads\/2025\/05\/27113423\/What-We-do-banner-1024x277.jpg 1024w, https:\/\/dymez6ioe12by.cloudfront.net\/media\/wp-content\/uploads\/2025\/05\/27113423\/What-We-do-banner-768x208.jpg 768w, https:\/\/dymez6ioe12by.cloudfront.net\/media\/wp-content\/uploads\/2025\/05\/27113423\/What-We-do-banner-1536x416.jpg 1536w\" sizes=\"(max-width: 1920px) 100vw, 1920px\" \/>\t\t\t\t\t\t\t\t\t\t\t\t\t\t\t<\/div>\n\t\t\t\t<\/div>\n\t\t\t\t<div class=\"elementor-element elementor-element-5e98a7a elementor-hidden-desktop elementor-hidden-tablet elementor-widget elementor-widget-image\" data-id=\"5e98a7a\" data-element_type=\"widget\" data-widget_type=\"image.default\">\n\t\t\t\t<div class=\"elementor-widget-container\">\n\t\t\t\t\t\t\t\t\t\t\t\t\t\t\t<img decoding=\"async\" width=\"576\" height=\"874\" src=\"https:\/\/dymez6ioe12by.cloudfront.net\/media\/wp-content\/uploads\/2025\/05\/30061608\/What-We-do-mobile-banner.jpg\" class=\"attachment-full size-full wp-image-17079\" alt=\"What We Do Mobile Banner \u2013\" srcset=\"https:\/\/dymez6ioe12by.cloudfront.net\/media\/wp-content\/uploads\/2025\/05\/30061608\/What-We-do-mobile-banner.jpg 576w, https:\/\/dymez6ioe12by.cloudfront.net\/media\/wp-content\/uploads\/2025\/05\/30061608\/What-We-do-mobile-banner-198x300.jpg 198w\" sizes=\"(max-width: 576px) 100vw, 576px\" \/>\t\t\t\t\t\t\t\t\t\t\t\t\t\t\t<\/div>\n\t\t\t\t<\/div>\n\t\t<div class=\"elementor-element elementor-element-3ce753e bannerTitle e-flex e-con-boxed elementor-invisible e-con e-child\" data-id=\"3ce753e\" data-element_type=\"container\" data-settings=\"{&quot;animation&quot;:&quot;fadeIn&quot;,&quot;animation_delay&quot;:1000}\">\n\t\t\t\t\t<div class=\"e-con-inner\">\n\t\t\t\t<div class=\"elementor-element elementor-element-9af05a9 elementor-align-left breadcrumb_custom elementor-invisible elementor-widget elementor-widget-breadcrumbs\" data-id=\"9af05a9\" data-element_type=\"widget\" data-settings=\"{&quot;_animation&quot;:&quot;fadeInUp&quot;,&quot;_animation_delay&quot;:1400}\" data-widget_type=\"breadcrumbs.default\">\n\t\t\t\t<div class=\"elementor-widget-container\">\n\t\t\t\t\t<p id=\"breadcrumbs\"><span><span><a href=\"https:\/\/cdri.world\/es\/\">P\u00e1gina de inicio<\/a><\/span><\/span><\/p>\t\t\t\t<\/div>\n\t\t\t\t<\/div>\n\t\t\t\t\t<\/div>\n\t\t\t\t<\/div>\n\t\t\t\t<\/section>\n\t\t<div class=\"elementor-element elementor-element-3e635be e-con-full tabList e-flex e-con e-child\" data-id=\"3e635be\" data-element_type=\"container\" data-settings=\"{&quot;background_background&quot;:&quot;classic&quot;}\">\n\t\t\t\t<div class=\"elementor-element elementor-element-954f560 elementor-invisible elementor-widget elementor-widget-text-editor\" data-id=\"954f560\" data-element_type=\"widget\" data-settings=\"{&quot;_animation&quot;:&quot;fadeIn&quot;,&quot;_animation_delay&quot;:1500}\" data-widget_type=\"text-editor.default\">\n\t\t\t\t<div class=\"elementor-widget-container\">\n\t\t\t\t\t\t\t\t\t<ul><li><a href=\"#whatwedo\">Qu\u00e9 hacemos<\/a><\/li><\/ul>\t\t\t\t\t\t\t\t<\/div>\n\t\t\t\t<\/div>\n\t\t\t\t<\/div>\n\t\t<section class=\"elementor-element elementor-element-7ecce18 e-con-full sids_overview e-flex e-con e-parent\" data-id=\"7ecce18\" data-element_type=\"container\">\n\t\t<div class=\"elementor-element elementor-element-9b3eed3 e-con-full e-flex elementor-invisible e-con e-child\" data-id=\"9b3eed3\" data-element_type=\"container\" data-settings=\"{&quot;animation&quot;:&quot;fadeInUp&quot;,&quot;animation_delay&quot;:1700}\">\n\t\t\t\t<div class=\"elementor-element elementor-element-cdf0d8e elementor-invisible elementor-widget elementor-widget-text-editor\" data-id=\"cdf0d8e\" data-element_type=\"widget\" data-settings=\"{&quot;_animation&quot;:&quot;fadeInUp&quot;}\" data-widget_type=\"text-editor.default\">\n\t\t\t\t<div class=\"elementor-widget-container\">\n\t\t\t\t\t\t\t\t\t<p>La CDRI mejora la resiliencia clim\u00e1tica y ante desastres de las infraestructuras mediante conocimientos t\u00e9cnicos, innovaci\u00f3n, acuerdos financieros y gesti\u00f3n de riesgos. Su imporrtancia estrat\u00e9gica  se centra en influir en las pol\u00edticas y la financiaci\u00f3n para la resiliencia global y local, integrar el desarrollo basado en el riesgo en la gobernanza y ampliar las medidas a nivel nacional. Al fortalecer las capacidades de las partes interesadas, la CDRI garantiza que las poblaciones vulnerables se beneficien de infraestructuras resilientes, impulsando el progreso sostenible y protegiendo a las comunidades contra los riesgos clim\u00e1ticos y de desastres.<\/p>\t\t\t\t\t\t\t\t<\/div>\n\t\t\t\t<\/div>\n\t\t\t\t<\/div>\n\t\t\t\t<\/section>\n\t\t<div class=\"elementor-element elementor-element-cfa4fad e-con-full e-flex e-con e-parent\" data-id=\"cfa4fad\" data-element_type=\"container\">\n\t\t\t\t<div class=\"elementor-element elementor-element-a031c12 elementor-widget elementor-widget-shortcode\" data-id=\"a031c12\" data-element_type=\"widget\" data-widget_type=\"shortcode.default\">\n\t\t\t\t<div class=\"elementor-widget-container\">\n\t\t\t\t\t\t\t<div class=\"elementor-shortcode\">\t\t<div data-elementor-type=\"section\" data-elementor-id=\"4529\" class=\"elementor elementor-4529\" data-elementor-post-type=\"elementor_library\">\n\t\t\t<section class=\"elementor-element elementor-element-e2fd7e1 e-con-full whatWeSection e-flex e-con e-child\" data-id=\"e2fd7e1\" data-element_type=\"container\" data-settings=\"{&quot;background_background&quot;:&quot;classic&quot;}\">\n\t\t<div class=\"elementor-element elementor-element-28aac90 e-con-full what_section e-flex e-con e-child\" data-id=\"28aac90\" data-element_type=\"container\">\n\t\t<div class=\"elementor-element elementor-element-de5261f e-con-full wwd_column e-flex e-con e-child\" data-id=\"de5261f\" data-element_type=\"container\" data-settings=\"{&quot;animation_tablet&quot;:&quot;fadeInUp&quot;}\">\n\t\t\t\t<div class=\"elementor-element elementor-element-1f2b2fd elementor-widget elementor-widget-image\" data-id=\"1f2b2fd\" data-element_type=\"widget\" data-widget_type=\"image.default\">\n\t\t\t\t<div class=\"elementor-widget-container\">\n\t\t\t\t\t\t\t\t\t\t\t\t\t\t\t<img decoding=\"async\" width=\"479\" height=\"837\" src=\"https:\/\/dymez6ioe12by.cloudfront.net\/media\/wp-content\/uploads\/2025\/04\/09065657\/supporting.jpg\" class=\"attachment-full size-full wp-image-3632\" alt=\"Supporting \u2013\" srcset=\"https:\/\/dymez6ioe12by.cloudfront.net\/media\/wp-content\/uploads\/2025\/04\/09065657\/supporting.jpg 479w, https:\/\/dymez6ioe12by.cloudfront.net\/media\/wp-content\/uploads\/2025\/04\/09065657\/supporting-172x300.jpg 172w, https:\/\/dymez6ioe12by.cloudfront.net\/media\/wp-content\/uploads\/2025\/04\/09065657\/supporting-7x12.jpg 7w\" sizes=\"(max-width: 479px) 100vw, 479px\" \/>\t\t\t\t\t\t\t\t\t\t\t\t\t\t\t<\/div>\n\t\t\t\t<\/div>\n\t\t\t\t<div class=\"elementor-element elementor-element-6f04c75 elementor-widget elementor-widget-text-editor\" data-id=\"6f04c75\" data-element_type=\"widget\" data-widget_type=\"text-editor.default\">\n\t\t\t\t<div class=\"elementor-widget-container\">\n\t\t\t\t\t\t\t\t\t<h3 class=\"translation-block\"><strong>Apoyo<br><\/strong>a las zonas geogr\u00e1ficas de alto nivel de riesgos<\/h3><ul><li><a href=\"https:\/\/cdri.world\/es\/coastal\/\">Costeras<\/a><\/li><li><a href=\"https:\/\/cdri.world\/es\/mountains\/\">Monta\u00f1as<\/a><\/li><li><a href=\"https:\/\/cdri.world\/es\/sids\/\">SIDS<\/a><\/li><li><a href=\"https:\/\/cdri.world\/es\/urban\/\">Urbano<\/a><\/li><\/ul>\t\t\t\t\t\t\t\t<\/div>\n\t\t\t\t<\/div>\n\t\t\t\t<\/div>\n\t\t<div class=\"elementor-element elementor-element-fafe3d1 e-con-full wwd_column e-flex e-con e-child\" data-id=\"fafe3d1\" data-element_type=\"container\" data-settings=\"{&quot;animation_tablet&quot;:&quot;fadeInUp&quot;}\">\n\t\t\t\t<div class=\"elementor-element elementor-element-7934d1d elementor-widget elementor-widget-image\" data-id=\"7934d1d\" data-element_type=\"widget\" data-widget_type=\"image.default\">\n\t\t\t\t<div class=\"elementor-widget-container\">\n\t\t\t\t\t\t\t\t\t\t\t\t\t\t\t<img loading=\"lazy\" decoding=\"async\" width=\"479\" height=\"837\" src=\"https:\/\/dymez6ioe12by.cloudfront.net\/media\/wp-content\/uploads\/2025\/04\/09065718\/making.jpg\" class=\"attachment-full size-full wp-image-3633\" alt=\"Making \u2013\" srcset=\"https:\/\/dymez6ioe12by.cloudfront.net\/media\/wp-content\/uploads\/2025\/04\/09065718\/making.jpg 479w, https:\/\/dymez6ioe12by.cloudfront.net\/media\/wp-content\/uploads\/2025\/04\/09065718\/making-172x300.jpg 172w, https:\/\/dymez6ioe12by.cloudfront.net\/media\/wp-content\/uploads\/2025\/04\/09065718\/making-7x12.jpg 7w\" sizes=\"(max-width: 479px) 100vw, 479px\" \/>\t\t\t\t\t\t\t\t\t\t\t\t\t\t\t<\/div>\n\t\t\t\t<\/div>\n\t\t\t\t<div class=\"elementor-element elementor-element-83ad360 elementor-widget elementor-widget-text-editor\" data-id=\"83ad360\" data-element_type=\"widget\" data-widget_type=\"text-editor.default\">\n\t\t\t\t<div class=\"elementor-widget-container\">\n\t\t\t\t\t\t\t\t\t<h3 class=\"translation-block\"><strong>Fortalecimiento<\/strong><br>de la resiliencia de las infraestructuras cr\u00edticas<\/h3><ul><li><a href=\"https:\/\/cdri.world\/es\/health\/\">Salud<\/a><\/li><li><a href=\"https:\/\/cdri.world\/es\/telecom\/\">Telecomunicaciones<\/a><\/li><li><a href=\"https:\/\/cdri.world\/es\/transport\/\">Transporte<\/a><\/li><li><a href=\"https:\/\/cdri.world\/es\/power\/\">Energ\u00eda<\/a><\/li><\/ul>\t\t\t\t\t\t\t\t<\/div>\n\t\t\t\t<\/div>\n\t\t\t\t<\/div>\n\t\t<div class=\"elementor-element elementor-element-5cf7ab4 e-con-full wwd_column e-flex e-con e-child\" data-id=\"5cf7ab4\" data-element_type=\"container\" data-settings=\"{&quot;animation_tablet&quot;:&quot;fadeInUp&quot;}\">\n\t\t\t\t<div class=\"elementor-element elementor-element-bd6550c elementor-widget elementor-widget-image\" data-id=\"bd6550c\" data-element_type=\"widget\" data-widget_type=\"image.default\">\n\t\t\t\t<div class=\"elementor-widget-container\">\n\t\t\t\t\t\t\t\t\t\t\t\t\t\t\t<img loading=\"lazy\" decoding=\"async\" width=\"479\" height=\"837\" src=\"https:\/\/dymez6ioe12by.cloudfront.net\/media\/wp-content\/uploads\/2025\/05\/13141816\/Delivering-solutions-for-DRI-1-1.jpg\" class=\"attachment-full size-full wp-image-7861\" alt=\"Delivering Solutions For Dri (1) (1) \u2013\" srcset=\"https:\/\/dymez6ioe12by.cloudfront.net\/media\/wp-content\/uploads\/2025\/05\/13141816\/Delivering-solutions-for-DRI-1-1.jpg 479w, https:\/\/dymez6ioe12by.cloudfront.net\/media\/wp-content\/uploads\/2025\/05\/13141816\/Delivering-solutions-for-DRI-1-1-172x300.jpg 172w\" sizes=\"(max-width: 479px) 100vw, 479px\" \/>\t\t\t\t\t\t\t\t\t\t\t\t\t\t\t<\/div>\n\t\t\t\t<\/div>\n\t\t\t\t<div class=\"elementor-element elementor-element-68b2a91 elementor-widget elementor-widget-text-editor\" data-id=\"68b2a91\" data-element_type=\"widget\" data-widget_type=\"text-editor.default\">\n\t\t\t\t<div class=\"elementor-widget-container\">\n\t\t\t\t\t\t\t\t\t<h3><strong>Delivering<\/strong><br>\nsolutions for\nDRI<\/h3>\n<ul>\n<li><a href=\"https:\/\/cdri.world\/es\/advocacy\/\">Incidencia<\/a><\/li>\n \t<li><a href=\"https:\/\/cdri.world\/es\/capacity-building\/\">Desarrollo de capacidades<\/a><\/li>\n \t\n \t<li><a href=\"https:\/\/cdri.world\/es\/fellowship\/\">Becas<\/a><\/li>\n \t<li><a href=\"https:\/\/cdri.world\/es\/resilience-dividend\/\">Dividendo de resiliencia<\/a><\/li>\n<\/ul>\t\t\t\t\t\t\t\t<\/div>\n\t\t\t\t<\/div>\n\t\t\t\t<\/div>\n\t\t<div class=\"elementor-element elementor-element-0b320fb e-con-full wwd_column e-flex e-con e-child\" data-id=\"0b320fb\" data-element_type=\"container\" data-settings=\"{&quot;animation_tablet&quot;:&quot;fadeInUp&quot;}\">\n\t\t\t\t<div class=\"elementor-element elementor-element-fc24733 elementor-widget elementor-widget-image\" data-id=\"fc24733\" data-element_type=\"widget\" data-widget_type=\"image.default\">\n\t\t\t\t<div class=\"elementor-widget-container\">\n\t\t\t\t\t\t\t\t\t\t\t\t\t\t\t<img loading=\"lazy\" decoding=\"async\" width=\"479\" height=\"837\" src=\"https:\/\/dymez6ioe12by.cloudfront.net\/media\/wp-content\/uploads\/2025\/05\/13141757\/Enabling-resilient-infrastructure-1-1.jpg\" class=\"attachment-full size-full wp-image-7860\" alt=\"Enabling Resilient Infrastructure (1) (1) \u2013\" srcset=\"https:\/\/dymez6ioe12by.cloudfront.net\/media\/wp-content\/uploads\/2025\/05\/13141757\/Enabling-resilient-infrastructure-1-1.jpg 479w, https:\/\/dymez6ioe12by.cloudfront.net\/media\/wp-content\/uploads\/2025\/05\/13141757\/Enabling-resilient-infrastructure-1-1-172x300.jpg 172w\" sizes=\"(max-width: 479px) 100vw, 479px\" \/>\t\t\t\t\t\t\t\t\t\t\t\t\t\t\t<\/div>\n\t\t\t\t<\/div>\n\t\t\t\t<div class=\"elementor-element elementor-element-ea823c3 elementor-widget elementor-widget-text-editor\" data-id=\"ea823c3\" data-element_type=\"widget\" data-widget_type=\"text-editor.default\">\n\t\t\t\t<div class=\"elementor-widget-container\">\n\t\t\t\t\t\t\t\t\t<h3 class=\"translation-block\"><strong>Habilitaci\u00f3n<\/strong><br>de las infraestructuras resilientes<\/h3>\n<ul>\n \t<li><a href=\"https:\/\/cdri.world\/es\/academic-networks\/\">Redes acad\u00e9micas<\/a><\/li>\n \t<li><a href=\"https:\/\/cdri.world\/es\/data-and-technology\/\">Datos y tecnolog\u00eda<\/a><\/li>\n \t<li><a href=\"https:\/\/cdri.world\/es\/finance\/\">Finanzas<\/a><\/li>\n \t<li><a href=\"https:\/\/cdri.world\/es\/governance\/\">Gobernanza<\/a><\/li>\n<\/ul>\t\t\t\t\t\t\t\t<\/div>\n\t\t\t\t<\/div>\n\t\t\t\t<\/div>\n\t\t\t\t<\/div>\n\t\t\t\t<\/section>\n\t\t\t\t<\/div>\n\t\t<\/div>\n\t\t\t\t\t\t<\/div>\n\t\t\t\t<\/div>\n\t\t\t\t<\/div>\n\t\t\t\t<\/div>","protected":false},"excerpt":{"rendered":"<p>What we do CDRI enhances climate and disaster resilience for infrastructure through technical expertise, innovation, financial arrangements, and risk governance. Its strategic imperatives focus on influencing policy and financing for global and local resilience, integrating risk-informed development into governance, and scaling in-country action. By strengthening stakeholder capacities, CDRI ensures vulnerable populations benefit from resilient infrastructure, [&hellip;]<\/p>","protected":false},"author":1,"featured_media":13936,"parent":0,"menu_order":0,"comment_status":"closed","ping_status":"closed","template":"","meta":{"_acf_changed":false,"footnotes":""},"class_list":["post-4185","page","type-page","status-publish","has-post-thumbnail","hentry"],"acf":[],"yoast_head":"<!-- This site is optimized with the Yoast SEO plugin v24.9 - https:\/\/yoast.com\/wordpress\/plugins\/seo\/ -->\n<title>What we do<\/title>\n<meta name=\"robots\" content=\"index, follow, max-snippet:-1, max-image-preview:large, max-video-preview:-1\" \/>\n<link rel=\"canonical\" href=\"https:\/\/cdri.world\/es\/what-we-do\/\" \/>\n<meta property=\"og:locale\" content=\"es_ES\" \/>\n<meta property=\"og:type\" content=\"article\" \/>\n<meta property=\"og:title\" content=\"What we do\" \/>\n<meta property=\"og:description\" content=\"What we do CDRI enhances climate and disaster resilience for infrastructure through technical expertise, innovation, financial arrangements, and risk governance. Its strategic imperatives focus on influencing policy and financing for global and local resilience, integrating risk-informed development into governance, and scaling in-country action. By strengthening stakeholder capacities, CDRI ensures vulnerable populations benefit from resilient infrastructure, [&hellip;]\" \/>\n<meta property=\"og:url\" content=\"https:\/\/cdri.world\/es\/what-we-do\/\" \/>\n<meta property=\"article:modified_time\" content=\"2025-07-01T11:04:38+00:00\" \/>\n<meta property=\"og:image\" content=\"https:\/\/dymez6ioe12by.cloudfront.net\/media\/wp-content\/uploads\/2025\/05\/27113423\/What-We-do-banner.jpg\" \/>\n\t<meta property=\"og:image:width\" content=\"1920\" \/>\n\t<meta property=\"og:image:height\" content=\"520\" \/>\n\t<meta property=\"og:image:type\" content=\"image\/jpeg\" \/>\n<meta name=\"twitter:card\" content=\"summary_large_image\" \/>\n<meta name=\"twitter:label1\" content=\"Tiempo de lectura\" \/>\n\t<meta name=\"twitter:data1\" content=\"2 minutos\" \/>\n<script type=\"application\/ld+json\" class=\"yoast-schema-graph\">{\"@context\":\"https:\/\/schema.org\",\"@graph\":[{\"@type\":\"WebPage\",\"@id\":\"https:\/\/cdri.world\/what-we-do\/\",\"url\":\"https:\/\/cdri.world\/what-we-do\/\",\"name\":\"What we do\",\"isPartOf\":{\"@id\":\"https:\/\/cdri.world\/#website\"},\"primaryImageOfPage\":{\"@id\":\"https:\/\/cdri.world\/what-we-do\/#primaryimage\"},\"image\":{\"@id\":\"https:\/\/cdri.world\/what-we-do\/#primaryimage\"},\"thumbnailUrl\":\"https:\/\/dymez6ioe12by.cloudfront.net\/media\/wp-content\/uploads\/2025\/05\/27113423\/What-We-do-banner.jpg\",\"datePublished\":\"2025-04-25T05:35:25+00:00\",\"dateModified\":\"2025-07-01T11:04:38+00:00\",\"breadcrumb\":{\"@id\":\"https:\/\/cdri.world\/what-we-do\/#breadcrumb\"},\"inLanguage\":\"es\",\"potentialAction\":[{\"@type\":\"ReadAction\",\"target\":[\"https:\/\/cdri.world\/what-we-do\/\"]}]},{\"@type\":\"ImageObject\",\"inLanguage\":\"es\",\"@id\":\"https:\/\/cdri.world\/what-we-do\/#primaryimage\",\"url\":\"https:\/\/dymez6ioe12by.cloudfront.net\/media\/wp-content\/uploads\/2025\/05\/27113423\/What-We-do-banner.jpg\",\"contentUrl\":\"https:\/\/dymez6ioe12by.cloudfront.net\/media\/wp-content\/uploads\/2025\/05\/27113423\/What-We-do-banner.jpg\",\"width\":1920,\"height\":520,\"caption\":\"What We Do Banner \u2013\"},{\"@type\":\"BreadcrumbList\",\"@id\":\"https:\/\/cdri.world\/what-we-do\/#breadcrumb\",\"itemListElement\":[{\"@type\":\"ListItem\",\"position\":1,\"name\":\"Home\",\"item\":\"https:\/\/cdri.world\/\"},{\"@type\":\"ListItem\",\"position\":2,\"name\":\"What we do\"}]},{\"@type\":\"WebSite\",\"@id\":\"https:\/\/cdri.world\/#website\",\"url\":\"https:\/\/cdri.world\/\",\"name\":\"CDRI\",\"description\":\"CDRI\",\"publisher\":{\"@id\":\"https:\/\/cdri.world\/#organization\"},\"potentialAction\":[{\"@type\":\"SearchAction\",\"target\":{\"@type\":\"EntryPoint\",\"urlTemplate\":\"https:\/\/cdri.world\/?s={search_term_string}\"},\"query-input\":{\"@type\":\"PropertyValueSpecification\",\"valueRequired\":true,\"valueName\":\"search_term_string\"}}],\"inLanguage\":\"es\"},{\"@type\":\"Organization\",\"@id\":\"https:\/\/cdri.world\/#organization\",\"name\":\"Coalition for Disaster Resilient Infrastructure\",\"url\":\"https:\/\/cdri.world\/\",\"logo\":{\"@type\":\"ImageObject\",\"inLanguage\":\"es\",\"@id\":\"https:\/\/cdri.world\/#\/schema\/logo\/image\/\",\"url\":\"https:\/\/dymez6ioe12by.cloudfront.net\/media\/wp-content\/uploads\/2025\/09\/25100323\/cropped-CDRI-Logo-Black-and-Red.png\",\"contentUrl\":\"https:\/\/dymez6ioe12by.cloudfront.net\/media\/wp-content\/uploads\/2025\/09\/25100323\/cropped-CDRI-Logo-Black-and-Red.png\",\"width\":256,\"height\":70,\"caption\":\"Coalition for Disaster Resilient Infrastructure\"},\"image\":{\"@id\":\"https:\/\/cdri.world\/#\/schema\/logo\/image\/\"}}]}<\/script>\n<!-- \/ Yoast SEO plugin. -->","yoast_head_json":{"title":"What we do","robots":{"index":"index","follow":"follow","max-snippet":"max-snippet:-1","max-image-preview":"max-image-preview:large","max-video-preview":"max-video-preview:-1"},"canonical":"https:\/\/cdri.world\/es\/what-we-do\/","og_locale":"es_ES","og_type":"article","og_title":"What we do","og_description":"What we do CDRI enhances climate and disaster resilience for infrastructure through technical expertise, innovation, financial arrangements, and risk governance. Its strategic imperatives focus on influencing policy and financing for global and local resilience, integrating risk-informed development into governance, and scaling in-country action. By strengthening stakeholder capacities, CDRI ensures vulnerable populations benefit from resilient infrastructure, [&hellip;]","og_url":"https:\/\/cdri.world\/es\/what-we-do\/","article_modified_time":"2025-07-01T11:04:38+00:00","og_image":[{"width":1920,"height":520,"url":"https:\/\/dymez6ioe12by.cloudfront.net\/media\/wp-content\/uploads\/2025\/05\/27113423\/What-We-do-banner.jpg","type":"image\/jpeg"}],"twitter_card":"summary_large_image","twitter_misc":{"Tiempo de lectura":"2 minutos"},"schema":{"@context":"https:\/\/schema.org","@graph":[{"@type":"WebPage","@id":"https:\/\/cdri.world\/what-we-do\/","url":"https:\/\/cdri.world\/what-we-do\/","name":"What we do","isPartOf":{"@id":"https:\/\/cdri.world\/#website"},"primaryImageOfPage":{"@id":"https:\/\/cdri.world\/what-we-do\/#primaryimage"},"image":{"@id":"https:\/\/cdri.world\/what-we-do\/#primaryimage"},"thumbnailUrl":"https:\/\/dymez6ioe12by.cloudfront.net\/media\/wp-content\/uploads\/2025\/05\/27113423\/What-We-do-banner.jpg","datePublished":"2025-04-25T05:35:25+00:00","dateModified":"2025-07-01T11:04:38+00:00","breadcrumb":{"@id":"https:\/\/cdri.world\/what-we-do\/#breadcrumb"},"inLanguage":"es","potentialAction":[{"@type":"ReadAction","target":["https:\/\/cdri.world\/what-we-do\/"]}]},{"@type":"ImageObject","inLanguage":"es","@id":"https:\/\/cdri.world\/what-we-do\/#primaryimage","url":"https:\/\/dymez6ioe12by.cloudfront.net\/media\/wp-content\/uploads\/2025\/05\/27113423\/What-We-do-banner.jpg","contentUrl":"https:\/\/dymez6ioe12by.cloudfront.net\/media\/wp-content\/uploads\/2025\/05\/27113423\/What-We-do-banner.jpg","width":1920,"height":520,"caption":"What We Do Banner \u2013"},{"@type":"BreadcrumbList","@id":"https:\/\/cdri.world\/what-we-do\/#breadcrumb","itemListElement":[{"@type":"ListItem","position":1,"name":"Home","item":"https:\/\/cdri.world\/"},{"@type":"ListItem","position":2,"name":"What we do"}]},{"@type":"WebSite","@id":"https:\/\/cdri.world\/#website","url":"https:\/\/cdri.world\/","name":"CDRI","description":"CDRI","publisher":{"@id":"https:\/\/cdri.world\/#organization"},"potentialAction":[{"@type":"SearchAction","target":{"@type":"EntryPoint","urlTemplate":"https:\/\/cdri.world\/?s={search_term_string}"},"query-input":{"@type":"PropertyValueSpecification","valueRequired":true,"valueName":"search_term_string"}}],"inLanguage":"es"},{"@type":"Organization","@id":"https:\/\/cdri.world\/#organization","name":"Coalition for Disaster Resilient Infrastructure","url":"https:\/\/cdri.world\/","logo":{"@type":"ImageObject","inLanguage":"es","@id":"https:\/\/cdri.world\/#\/schema\/logo\/image\/","url":"https:\/\/dymez6ioe12by.cloudfront.net\/media\/wp-content\/uploads\/2025\/09\/25100323\/cropped-CDRI-Logo-Black-and-Red.png","contentUrl":"https:\/\/dymez6ioe12by.cloudfront.net\/media\/wp-content\/uploads\/2025\/09\/25100323\/cropped-CDRI-Logo-Black-and-Red.png","width":256,"height":70,"caption":"Coalition for Disaster Resilient Infrastructure"},"image":{"@id":"https:\/\/cdri.world\/#\/schema\/logo\/image\/"}}]}},"_links":{"self":[{"href":"https:\/\/cdri.world\/es\/wp-json\/wp\/v2\/pages\/4185","targetHints":{"allow":["GET"]}}],"collection":[{"href":"https:\/\/cdri.world\/es\/wp-json\/wp\/v2\/pages"}],"about":[{"href":"https:\/\/cdri.world\/es\/wp-json\/wp\/v2\/types\/page"}],"author":[{"embeddable":true,"href":"https:\/\/cdri.world\/es\/wp-json\/wp\/v2\/users\/1"}],"replies":[{"embeddable":true,"href":"https:\/\/cdri.world\/es\/wp-json\/wp\/v2\/comments?post=4185"}],"version-history":[{"count":104,"href":"https:\/\/cdri.world\/es\/wp-json\/wp\/v2\/pages\/4185\/revisions"}],"predecessor-version":[{"id":25701,"href":"https:\/\/cdri.world\/es\/wp-json\/wp\/v2\/pages\/4185\/revisions\/25701"}],"wp:featuredmedia":[{"embeddable":true,"href":"https:\/\/cdri.world\/es\/wp-json\/wp\/v2\/media\/13936"}],"wp:attachment":[{"href":"https:\/\/cdri.world\/es\/wp-json\/wp\/v2\/media?parent=4185"}],"curies":[{"name":"wp","href":"https:\/\/api.w.org\/{rel}","templated":true}]}}