{"id":28316,"date":"2025-09-09T09:47:00","date_gmt":"2025-09-09T09:47:00","guid":{"rendered":"https:\/\/cdri.world\/?page_id=28316"},"modified":"2026-01-20T10:58:16","modified_gmt":"2026-01-20T05:28:16","slug":"ramesh-subramaniam","status":"publish","type":"page","link":"https:\/\/cdri.world\/es\/our-team-old\/ramesh-subramaniam\/","title":{"rendered":"Ramesh Subramaniam\u00a0"},"content":{"rendered":"<div data-elementor-type=\"wp-page\" data-elementor-id=\"28316\" class=\"elementor elementor-28316\" data-elementor-post-type=\"page\">\n\t\t\t\t<section class=\"elementor-element elementor-element-2968680 e-con-full innerBanner e-flex e-con e-parent\" data-id=\"2968680\" data-element_type=\"container\">\n\t\t\t\t<div class=\"elementor-element elementor-element-2d2d87e elementor-hidden-mobile elementor-invisible elementor-widget elementor-widget-theme-post-featured-image elementor-widget-image\" data-id=\"2d2d87e\" data-element_type=\"widget\" data-settings=\"{&quot;_animation&quot;:&quot;fadeIn&quot;,&quot;_animation_delay&quot;:100}\" data-widget_type=\"theme-post-featured-image.default\">\n\t\t\t\t<div class=\"elementor-widget-container\">\n\t\t\t\t\t\t\t\t\t\t\t\t\t\t\t<img fetchpriority=\"high\" decoding=\"async\" width=\"1920\" height=\"520\" src=\"https:\/\/dymez6ioe12by.cloudfront.net\/media\/wp-content\/uploads\/2025\/05\/27113140\/Leadership-banner.jpg\" class=\"attachment-full size-full wp-image-13924\" alt=\"Leadership Banner \u2013\" srcset=\"https:\/\/dymez6ioe12by.cloudfront.net\/media\/wp-content\/uploads\/2025\/05\/27113140\/Leadership-banner.jpg 1920w, https:\/\/dymez6ioe12by.cloudfront.net\/media\/wp-content\/uploads\/2025\/05\/27113140\/Leadership-banner-300x81.jpg 300w, https:\/\/dymez6ioe12by.cloudfront.net\/media\/wp-content\/uploads\/2025\/05\/27113140\/Leadership-banner-1024x277.jpg 1024w, https:\/\/dymez6ioe12by.cloudfront.net\/media\/wp-content\/uploads\/2025\/05\/27113140\/Leadership-banner-768x208.jpg 768w, https:\/\/dymez6ioe12by.cloudfront.net\/media\/wp-content\/uploads\/2025\/05\/27113140\/Leadership-banner-1536x416.jpg 1536w\" sizes=\"(max-width: 1920px) 100vw, 1920px\" \/>\t\t\t\t\t\t\t\t\t\t\t\t\t\t\t<\/div>\n\t\t\t\t<\/div>\n\t\t\t\t<div class=\"elementor-element elementor-element-7726f14 elementor-hidden-desktop elementor-hidden-tablet elementor-widget elementor-widget-image\" data-id=\"7726f14\" data-element_type=\"widget\" data-widget_type=\"image.default\">\n\t\t\t\t<div class=\"elementor-widget-container\">\n\t\t\t\t\t\t\t\t\t\t\t\t\t\t\t<img decoding=\"async\" width=\"576\" height=\"874\" src=\"https:\/\/dymez6ioe12by.cloudfront.net\/media\/wp-content\/uploads\/2025\/05\/30061512\/Leadership-mobile-banner.jpg\" class=\"attachment-full size-full wp-image-17071\" alt=\"Leadership Mobile Banner \u2013\" srcset=\"https:\/\/dymez6ioe12by.cloudfront.net\/media\/wp-content\/uploads\/2025\/05\/30061512\/Leadership-mobile-banner.jpg 576w, https:\/\/dymez6ioe12by.cloudfront.net\/media\/wp-content\/uploads\/2025\/05\/30061512\/Leadership-mobile-banner-198x300.jpg 198w\" sizes=\"(max-width: 576px) 100vw, 576px\" \/>\t\t\t\t\t\t\t\t\t\t\t\t\t\t\t<\/div>\n\t\t\t\t<\/div>\n\t\t<div class=\"elementor-element elementor-element-cea792a bannerTitle e-flex e-con-boxed elementor-invisible e-con e-child\" data-id=\"cea792a\" data-element_type=\"container\" data-settings=\"{&quot;animation&quot;:&quot;fadeIn&quot;,&quot;animation_delay&quot;:1000}\">\n\t\t\t\t\t<div class=\"e-con-inner\">\n\t\t\t\t<div class=\"elementor-element elementor-element-0453c7a elementor-align-left breadcrumb_custom elementor-invisible elementor-widget elementor-widget-breadcrumbs\" data-id=\"0453c7a\" data-element_type=\"widget\" data-settings=\"{&quot;_animation&quot;:&quot;fadeInUp&quot;,&quot;_animation_delay&quot;:1500}\" data-widget_type=\"breadcrumbs.default\">\n\t\t\t\t<div class=\"elementor-widget-container\">\n\t\t\t\t\t<p id=\"breadcrumbs\"><span><span><a href=\"https:\/\/cdri.world\/es\/\">P\u00e1gina de inicio<\/a><\/span><\/span><\/p>\t\t\t\t<\/div>\n\t\t\t\t<\/div>\n\t\t\t\t<div class=\"elementor-element elementor-element-1ebf1aa elementor-invisible elementor-widget elementor-widget-text-editor\" data-id=\"1ebf1aa\" data-element_type=\"widget\" data-settings=\"{&quot;_animation&quot;:&quot;fadeInUp&quot;,&quot;_animation_delay&quot;:1300}\" data-widget_type=\"text-editor.default\">\n\t\t\t\t<div class=\"elementor-widget-container\">\n\t\t\t\t\t\t\t\t\t<h1>Alto Liderazgo<\/h1>\t\t\t\t\t\t\t\t<\/div>\n\t\t\t\t<\/div>\n\t\t\t\t\t<\/div>\n\t\t\t\t<\/div>\n\t\t\t\t<\/section>\n\t\t<div class=\"elementor-element elementor-element-ceaf27a e-con-full tabList e-flex e-con e-child\" data-id=\"ceaf27a\" data-element_type=\"container\" data-settings=\"{&quot;background_background&quot;:&quot;classic&quot;}\">\n\t\t\t\t<div class=\"elementor-element elementor-element-bb6f82b elementor-invisible elementor-widget elementor-widget-text-editor\" data-id=\"bb6f82b\" data-element_type=\"widget\" data-settings=\"{&quot;_animation&quot;:&quot;fadeIn&quot;,&quot;_animation_delay&quot;:1500}\" data-widget_type=\"text-editor.default\">\n\t\t\t\t<div class=\"elementor-widget-container\">\n\t\t\t\t\t\t\t\t\t<ul><li><a href=\"#biography\">Biograf\u00eda<\/a><\/li><\/ul>\t\t\t\t\t\t\t\t<\/div>\n\t\t\t\t<\/div>\n\t\t\t\t<\/div>\n\t\t<section class=\"elementor-element elementor-element-599e7f8 e-con-full biographt_details e-flex e-con e-parent\" data-id=\"599e7f8\" data-element_type=\"container\">\n\t\t<div class=\"elementor-element elementor-element-fedb54e e-con-full bd_left e-flex e-con e-child\" data-id=\"fedb54e\" data-element_type=\"container\">\n\t\t\t\t<div class=\"elementor-element elementor-element-f324bfd elementor-invisible elementor-widget elementor-widget-heading\" data-id=\"f324bfd\" data-element_type=\"widget\" data-settings=\"{&quot;_animation&quot;:&quot;fadeInUp&quot;,&quot;_animation_delay&quot;:1600}\" data-widget_type=\"heading.default\">\n\t\t\t\t<div class=\"elementor-widget-container\">\n\t\t\t\t\t<h2 class=\"elementor-heading-title elementor-size-default\">Ramesh Subramaniam <\/h2>\t\t\t\t<\/div>\n\t\t\t\t<\/div>\n\t\t\t\t<div class=\"elementor-element elementor-element-0e5f812 elementor-invisible elementor-widget elementor-widget-heading\" data-id=\"0e5f812\" data-element_type=\"widget\" data-settings=\"{&quot;_animation&quot;:&quot;fadeInUp&quot;,&quot;_animation_delay&quot;:1700}\" data-widget_type=\"heading.default\">\n\t\t\t\t<div class=\"elementor-widget-container\">\n\t\t\t\t\t<h4 class=\"elementor-heading-title elementor-size-default\">Director Global \u2013 Programas y estrategias <\/h4>\t\t\t\t<\/div>\n\t\t\t\t<\/div>\n\t\t\t\t<div class=\"elementor-element elementor-element-2d20c8d elementor-invisible elementor-widget elementor-widget-text-editor\" data-id=\"2d20c8d\" data-element_type=\"widget\" data-settings=\"{&quot;_animation&quot;:&quot;fadeInUp&quot;,&quot;_animation_delay&quot;:100}\" data-widget_type=\"text-editor.default\">\n\t\t\t\t<div class=\"elementor-widget-container\">\n\t\t\t\t\t\t\t\t\t<p>Ramesh oversees CDRI&#8217;s strategic planning and guides its global programmes, drawing on over 35 years of expertise in operational leadership, policy advocacy, and research across infrastructure and finance. Before joining CDRI, he spent 28 years at the Asian Development Bank (ADB), holding senior roles across the Asia-Pacific.\u202f <\/p>\n<p>Como director general y jefe del Grupo de Sectores del BAsD, supervis\u00f3 siete carteras sectoriales, entre ellas las de energ\u00eda, agua, transporte y desarrollo social, y desempe\u00f1\u00f3 un papel clave en la aplicaci\u00f3n de las agendas del Banco en materia de clima, sector privado e innovaci\u00f3n en el marco de su nuevo modelo operativo.\u202f&nbsp;<\/p>\n<p>His leadership shaped ADB\u2019s response to major disasters, such as the 2004 Indian Ocean Tsunami and the COVID-19 pandemic, while also advancing regional initiatives like the ASEAN Green Finance Hub and ASEAN Infrastructure Fund.\u202f <\/p>\n<p>Ramesh aporta un enfoque sist\u00e9mico a la resiliencia y est\u00e1 profundamente comprometido con el fomento de soluciones de infraestructura inclusivas y adaptables. Doctor en Econom\u00eda del Desarrollo, ha trabajado en m\u00e1s de 25 pa\u00edses, impulsando la reforma de pol\u00edticas, la cooperaci\u00f3n regional y la inversi\u00f3n basada en el riesgo. <\/p>\t\t\t\t\t\t\t\t<\/div>\n\t\t\t\t<\/div>\n\t\t\t\t<\/div>\n\t\t<div class=\"elementor-element elementor-element-fc40646 e-con-full bd_right e-flex elementor-invisible e-con e-child\" data-id=\"fc40646\" data-element_type=\"container\" data-settings=\"{&quot;animation&quot;:&quot;fadeInUp&quot;,&quot;animation_delay&quot;:1500}\">\n\t\t\t\t<div class=\"elementor-element elementor-element-645a03c elementor-widget elementor-widget-image\" data-id=\"645a03c\" data-element_type=\"widget\" data-widget_type=\"image.default\">\n\t\t\t\t<div class=\"elementor-widget-container\">\n\t\t\t\t\t\t\t\t\t\t\t\t\t\t\t<img decoding=\"async\" width=\"360\" height=\"428\" src=\"https:\/\/dymez6ioe12by.cloudfront.net\/media\/wp-content\/uploads\/2025\/09\/22124946\/ramesh-subramaniam-big.jpg\" class=\"attachment-full size-full wp-image-29357\" alt=\"Ramesh-subramaniam\" srcset=\"https:\/\/dymez6ioe12by.cloudfront.net\/media\/wp-content\/uploads\/2025\/09\/22124946\/ramesh-subramaniam-big.jpg 360w, https:\/\/dymez6ioe12by.cloudfront.net\/media\/wp-content\/uploads\/2025\/09\/22124946\/ramesh-subramaniam-big-252x300.jpg 252w, https:\/\/dymez6ioe12by.cloudfront.net\/media\/wp-content\/uploads\/2025\/09\/22124946\/ramesh-subramaniam-big-10x12.jpg 10w\" sizes=\"(max-width: 360px) 100vw, 360px\" \/>\t\t\t\t\t\t\t\t\t\t\t\t\t\t\t<\/div>\n\t\t\t\t<\/div>\n\t\t<div class=\"elementor-element elementor-element-d2f46ed e-con-full inquiries_box e-flex e-con e-child\" data-id=\"d2f46ed\" data-element_type=\"container\">\n\t\t\t\t<div class=\"elementor-element elementor-element-7c150a6 elementor-invisible elementor-widget elementor-widget-heading\" data-id=\"7c150a6\" data-element_type=\"widget\" data-settings=\"{&quot;_animation&quot;:&quot;fadeInUp&quot;,&quot;_animation_delay&quot;:100}\" data-widget_type=\"heading.default\">\n\t\t\t\t<div class=\"elementor-widget-container\">\n\t\t\t\t\t<h5 class=\"elementor-heading-title elementor-size-default\">Consultas<\/h5>\t\t\t\t<\/div>\n\t\t\t\t<\/div>\n\t\t<div class=\"elementor-element elementor-element-cfba58c e-con-full bd_social e-flex e-con e-child\" data-id=\"cfba58c\" data-element_type=\"container\">\n\t\t<div class=\"elementor-element elementor-element-99ff045 e-con-full bd_social_left e-flex e-con e-child\" data-id=\"99ff045\" data-element_type=\"container\">\n\t\t\t\t<div class=\"elementor-element elementor-element-82fe57a elementor-position-left elementor-vertical-align-middle elementor-view-default elementor-mobile-position-top elementor-invisible elementor-widget elementor-widget-icon-box\" data-id=\"82fe57a\" data-element_type=\"widget\" data-settings=\"{&quot;_animation&quot;:&quot;fadeInUp&quot;,&quot;_animation_delay&quot;:300}\" data-widget_type=\"icon-box.default\">\n\t\t\t\t<div class=\"elementor-widget-container\">\n\t\t\t\t\t\t\t<div class=\"elementor-icon-box-wrapper\">\n\n\t\t\t\t\t\t<div class=\"elementor-icon-box-icon\">\n\t\t\t\t<a href=\"mailto:Ramesh.Subramaniam@cdri.world%20\" class=\"elementor-icon\" tabindex=\"-1\" aria-label=\"ramesh.subramaniam@cdri.world\">\n\t\t\t\t<svg xmlns=\"http:\/\/www.w3.org\/2000\/svg\" width=\"21\" height=\"17\" viewbox=\"0 0 21 17\" fill=\"none\"><path d=\"M21 4.896V13.5469C21.0001 14.4289 20.6666 15.2775 20.0679 15.9186C19.4693 16.5597 18.6509 16.9448 17.7807 16.9947L17.5875 17H3.4125C2.54086 17.0001 1.70223 16.6626 1.06866 16.0568C0.435085 15.4511 0.0545986 14.623 0.00525012 13.7424L0 13.5469V4.896L10.1346 10.268C10.2473 10.3278 10.3727 10.359 10.5 10.359C10.6273 10.359 10.7527 10.3278 10.8654 10.268L21 4.896ZM3.4125 2.50804e-08H17.5875C18.4334 -0.000103078 19.2491 0.317683 19.8765 0.891721C20.504 1.46576 20.8984 2.25514 20.9832 3.10675L10.5 8.66363L0.0168 3.10675C0.0981995 2.28896 0.465202 1.52736 1.05184 0.958867C1.63847 0.390372 2.40627 0.0522612 3.2172 0.00531265L3.4125 2.50804e-08Z\" fill=\"black\"><\/path><\/svg>\t\t\t\t<\/a>\n\t\t\t<\/div>\n\t\t\t\n\t\t\t\t\t\t<div class=\"elementor-icon-box-content\">\n\n\t\t\t\t\t\t\t\t\t<h3 class=\"elementor-icon-box-title\">\n\t\t\t\t\t\t<a href=\"mailto:Ramesh.Subramaniam@cdri.world%20\" >\n\t\t\t\t\t\t\tramesh.subramaniam@cdri.world\t\t\t\t\t\t<\/a>\n\t\t\t\t\t<\/h3>\n\t\t\t\t\n\t\t\t\t\n\t\t\t<\/div>\n\t\t\t\n\t\t<\/div>\n\t\t\t\t\t\t<\/div>\n\t\t\t\t<\/div>\n\t\t\t\t<div class=\"elementor-element elementor-element-6307acf elementor-position-left elementor-vertical-align-middle elementor-view-default elementor-mobile-position-top elementor-invisible elementor-widget elementor-widget-icon-box\" data-id=\"6307acf\" data-element_type=\"widget\" data-settings=\"{&quot;_animation&quot;:&quot;fadeInUp&quot;,&quot;_animation_delay&quot;:400}\" data-widget_type=\"icon-box.default\">\n\t\t\t\t<div class=\"elementor-widget-container\">\n\t\t\t\t\t\t\t<div class=\"elementor-icon-box-wrapper\">\n\n\t\t\t\t\t\t<div class=\"elementor-icon-box-icon\">\n\t\t\t\t<a href=\"https:\/\/www.linkedin.com\/in\/drrameshsubramaniam\/\" class=\"elementor-icon\" tabindex=\"-1\" aria-label=\"linkedin.com\/in\/subramaniam\">\n\t\t\t\t<svg xmlns=\"http:\/\/www.w3.org\/2000\/svg\" width=\"21\" height=\"20\" viewbox=\"0 0 21 20\" fill=\"none\"><g clip-path=\"url(#clip0_1477_439)\"><path d=\"M3.00844 4.76418C4.34377 4.76418 5.42626 3.69768 5.42626 2.38209C5.42626 1.0665 4.34377 0 3.00844 0C1.67312 0 0.590622 1.0665 0.590622 2.38209C0.590622 3.69768 1.67312 4.76418 3.00844 4.76418Z\" fill=\"black\"><\/path><path d=\"M7.71001 6.5688V19.7846H11.8749V13.2491C11.8749 11.5246 12.2041 9.85455 14.3745 9.85455C16.515 9.85455 16.5414 11.8261 16.5414 13.358V19.7857H20.7085V12.5382C20.7085 8.97813 19.9306 6.24219 15.7072 6.24219C13.6794 6.24219 12.3202 7.33855 11.7643 8.37606H11.708V6.5688H7.71001ZM0.922852 6.5688H5.09437V19.7846H0.922852V6.5688Z\" fill=\"black\"><\/path><\/g><defs><clippath id=\"clip0_1477_439\"><rect width=\"21\" height=\"20\" fill=\"white\"><\/rect><\/clippath><\/defs><\/svg>\t\t\t\t<\/a>\n\t\t\t<\/div>\n\t\t\t\n\t\t\t\t\t\t<div class=\"elementor-icon-box-content\">\n\n\t\t\t\t\t\t\t\t\t<h3 class=\"elementor-icon-box-title\">\n\t\t\t\t\t\t<a href=\"https:\/\/www.linkedin.com\/in\/drrameshsubramaniam\/\" >\n\t\t\t\t\t\t\tlinkedin.com\/in\/subramaniam\t\t\t\t\t\t<\/a>\n\t\t\t\t\t<\/h3>\n\t\t\t\t\n\t\t\t\t\n\t\t\t<\/div>\n\t\t\t\n\t\t<\/div>\n\t\t\t\t\t\t<\/div>\n\t\t\t\t<\/div>\n\t\t\t\t<\/div>\n\t\t\t\t<\/div>\n\t\t\t\t<\/div>\n\t\t\t\t<\/div>\n\t\t\t\t<\/section>\n\t\t\t\t<\/div>","protected":false},"excerpt":{"rendered":"<p>Senior Leadership Biography Ramesh Subramaniam Global Director &#8211; Programmes and Strategy Ramesh oversees CDRI&#8217;s strategic planning and guides its global programmes, drawing on over 35 years of expertise in operational leadership, policy advocacy, and research across infrastructure and finance. Before joining CDRI, he spent 28 years at the Asian Development Bank (ADB), holding senior roles [&hellip;]<\/p>","protected":false},"author":4,"featured_media":13924,"parent":6310,"menu_order":0,"comment_status":"closed","ping_status":"closed","template":"","meta":{"_acf_changed":false,"footnotes":""},"class_list":["post-28316","page","type-page","status-publish","has-post-thumbnail","hentry"],"acf":[],"yoast_head":"<!-- This site is optimized with the Yoast SEO plugin v24.9 - https:\/\/yoast.com\/wordpress\/plugins\/seo\/ -->\n<title>Ramesh Subramaniam\u00a0<\/title>\n<meta name=\"robots\" content=\"index, follow, max-snippet:-1, max-image-preview:large, max-video-preview:-1\" \/>\n<link rel=\"canonical\" href=\"https:\/\/cdri.world\/es\/our-team-old\/ramesh-subramaniam\/\" \/>\n<meta property=\"og:locale\" content=\"es_ES\" \/>\n<meta property=\"og:type\" content=\"article\" \/>\n<meta property=\"og:title\" content=\"Ramesh Subramaniam\u00a0\" \/>\n<meta property=\"og:description\" content=\"Senior Leadership Biography Ramesh Subramaniam Global Director &#8211; Programmes and Strategy Ramesh oversees CDRI&#8217;s strategic planning and guides its global programmes, drawing on over 35 years of expertise in operational leadership, policy advocacy, and research across infrastructure and finance. Before joining CDRI, he spent 28 years at the Asian Development Bank (ADB), holding senior roles [&hellip;]\" \/>\n<meta property=\"og:url\" content=\"https:\/\/cdri.world\/es\/our-team-old\/ramesh-subramaniam\/\" \/>\n<meta property=\"article:modified_time\" content=\"2026-01-20T05:28:16+00:00\" \/>\n<meta property=\"og:image\" content=\"https:\/\/dymez6ioe12by.cloudfront.net\/media\/wp-content\/uploads\/2025\/05\/27113140\/Leadership-banner.jpg\" \/>\n\t<meta property=\"og:image:width\" content=\"1920\" \/>\n\t<meta property=\"og:image:height\" content=\"520\" \/>\n\t<meta property=\"og:image:type\" content=\"image\/jpeg\" \/>\n<meta name=\"twitter:card\" content=\"summary_large_image\" \/>\n<meta name=\"twitter:label1\" content=\"Tiempo de lectura\" \/>\n\t<meta name=\"twitter:data1\" content=\"2 minutos\" \/>\n<script type=\"application\/ld+json\" class=\"yoast-schema-graph\">{\"@context\":\"https:\/\/schema.org\",\"@graph\":[{\"@type\":\"WebPage\",\"@id\":\"https:\/\/cdri.world\/our-team-old\/ramesh-subramaniam\/\",\"url\":\"https:\/\/cdri.world\/our-team-old\/ramesh-subramaniam\/\",\"name\":\"Ramesh Subramaniam\u00a0\",\"isPartOf\":{\"@id\":\"https:\/\/cdri.world\/#website\"},\"primaryImageOfPage\":{\"@id\":\"https:\/\/cdri.world\/our-team-old\/ramesh-subramaniam\/#primaryimage\"},\"image\":{\"@id\":\"https:\/\/cdri.world\/our-team-old\/ramesh-subramaniam\/#primaryimage\"},\"thumbnailUrl\":\"https:\/\/dymez6ioe12by.cloudfront.net\/media\/wp-content\/uploads\/2025\/05\/27113140\/Leadership-banner.jpg\",\"datePublished\":\"2025-09-09T09:47:00+00:00\",\"dateModified\":\"2026-01-20T05:28:16+00:00\",\"breadcrumb\":{\"@id\":\"https:\/\/cdri.world\/our-team-old\/ramesh-subramaniam\/#breadcrumb\"},\"inLanguage\":\"es\",\"potentialAction\":[{\"@type\":\"ReadAction\",\"target\":[\"https:\/\/cdri.world\/our-team-old\/ramesh-subramaniam\/\"]}]},{\"@type\":\"ImageObject\",\"inLanguage\":\"es\",\"@id\":\"https:\/\/cdri.world\/our-team-old\/ramesh-subramaniam\/#primaryimage\",\"url\":\"https:\/\/dymez6ioe12by.cloudfront.net\/media\/wp-content\/uploads\/2025\/05\/27113140\/Leadership-banner.jpg\",\"contentUrl\":\"https:\/\/dymez6ioe12by.cloudfront.net\/media\/wp-content\/uploads\/2025\/05\/27113140\/Leadership-banner.jpg\",\"width\":1920,\"height\":520,\"caption\":\"Leadership Banner \u2013\"},{\"@type\":\"BreadcrumbList\",\"@id\":\"https:\/\/cdri.world\/our-team-old\/ramesh-subramaniam\/#breadcrumb\",\"itemListElement\":[{\"@type\":\"ListItem\",\"position\":1,\"name\":\"Home\",\"item\":\"https:\/\/cdri.world\/\"},{\"@type\":\"ListItem\",\"position\":2,\"name\":\"Leadership team\",\"item\":\"https:\/\/cdri.world\/our-team-old\/\"},{\"@type\":\"ListItem\",\"position\":3,\"name\":\"Ramesh Subramaniam\u00a0\"}]},{\"@type\":\"WebSite\",\"@id\":\"https:\/\/cdri.world\/#website\",\"url\":\"https:\/\/cdri.world\/\",\"name\":\"CDRI\",\"description\":\"CDRI\",\"publisher\":{\"@id\":\"https:\/\/cdri.world\/#organization\"},\"potentialAction\":[{\"@type\":\"SearchAction\",\"target\":{\"@type\":\"EntryPoint\",\"urlTemplate\":\"https:\/\/cdri.world\/?s={search_term_string}\"},\"query-input\":{\"@type\":\"PropertyValueSpecification\",\"valueRequired\":true,\"valueName\":\"search_term_string\"}}],\"inLanguage\":\"es\"},{\"@type\":\"Organization\",\"@id\":\"https:\/\/cdri.world\/#organization\",\"name\":\"Coalition for Disaster Resilient Infrastructure\",\"url\":\"https:\/\/cdri.world\/\",\"logo\":{\"@type\":\"ImageObject\",\"inLanguage\":\"es\",\"@id\":\"https:\/\/cdri.world\/#\/schema\/logo\/image\/\",\"url\":\"https:\/\/dymez6ioe12by.cloudfront.net\/media\/wp-content\/uploads\/2025\/09\/25100323\/cropped-CDRI-Logo-Black-and-Red.png\",\"contentUrl\":\"https:\/\/dymez6ioe12by.cloudfront.net\/media\/wp-content\/uploads\/2025\/09\/25100323\/cropped-CDRI-Logo-Black-and-Red.png\",\"width\":256,\"height\":70,\"caption\":\"Coalition for Disaster Resilient Infrastructure\"},\"image\":{\"@id\":\"https:\/\/cdri.world\/#\/schema\/logo\/image\/\"}}]}<\/script>\n<!-- \/ Yoast SEO plugin. -->","yoast_head_json":{"title":"Ramesh Subramaniam\u00a0","robots":{"index":"index","follow":"follow","max-snippet":"max-snippet:-1","max-image-preview":"max-image-preview:large","max-video-preview":"max-video-preview:-1"},"canonical":"https:\/\/cdri.world\/es\/our-team-old\/ramesh-subramaniam\/","og_locale":"es_ES","og_type":"article","og_title":"Ramesh Subramaniam\u00a0","og_description":"Senior Leadership Biography Ramesh Subramaniam Global Director &#8211; Programmes and Strategy Ramesh oversees CDRI&#8217;s strategic planning and guides its global programmes, drawing on over 35 years of expertise in operational leadership, policy advocacy, and research across infrastructure and finance. Before joining CDRI, he spent 28 years at the Asian Development Bank (ADB), holding senior roles [&hellip;]","og_url":"https:\/\/cdri.world\/es\/our-team-old\/ramesh-subramaniam\/","article_modified_time":"2026-01-20T05:28:16+00:00","og_image":[{"width":1920,"height":520,"url":"https:\/\/dymez6ioe12by.cloudfront.net\/media\/wp-content\/uploads\/2025\/05\/27113140\/Leadership-banner.jpg","type":"image\/jpeg"}],"twitter_card":"summary_large_image","twitter_misc":{"Tiempo de lectura":"2 minutos"},"schema":{"@context":"https:\/\/schema.org","@graph":[{"@type":"WebPage","@id":"https:\/\/cdri.world\/our-team-old\/ramesh-subramaniam\/","url":"https:\/\/cdri.world\/our-team-old\/ramesh-subramaniam\/","name":"Ramesh Subramaniam\u00a0","isPartOf":{"@id":"https:\/\/cdri.world\/#website"},"primaryImageOfPage":{"@id":"https:\/\/cdri.world\/our-team-old\/ramesh-subramaniam\/#primaryimage"},"image":{"@id":"https:\/\/cdri.world\/our-team-old\/ramesh-subramaniam\/#primaryimage"},"thumbnailUrl":"https:\/\/dymez6ioe12by.cloudfront.net\/media\/wp-content\/uploads\/2025\/05\/27113140\/Leadership-banner.jpg","datePublished":"2025-09-09T09:47:00+00:00","dateModified":"2026-01-20T05:28:16+00:00","breadcrumb":{"@id":"https:\/\/cdri.world\/our-team-old\/ramesh-subramaniam\/#breadcrumb"},"inLanguage":"es","potentialAction":[{"@type":"ReadAction","target":["https:\/\/cdri.world\/our-team-old\/ramesh-subramaniam\/"]}]},{"@type":"ImageObject","inLanguage":"es","@id":"https:\/\/cdri.world\/our-team-old\/ramesh-subramaniam\/#primaryimage","url":"https:\/\/dymez6ioe12by.cloudfront.net\/media\/wp-content\/uploads\/2025\/05\/27113140\/Leadership-banner.jpg","contentUrl":"https:\/\/dymez6ioe12by.cloudfront.net\/media\/wp-content\/uploads\/2025\/05\/27113140\/Leadership-banner.jpg","width":1920,"height":520,"caption":"Leadership Banner \u2013"},{"@type":"BreadcrumbList","@id":"https:\/\/cdri.world\/our-team-old\/ramesh-subramaniam\/#breadcrumb","itemListElement":[{"@type":"ListItem","position":1,"name":"Home","item":"https:\/\/cdri.world\/"},{"@type":"ListItem","position":2,"name":"Leadership team","item":"https:\/\/cdri.world\/our-team-old\/"},{"@type":"ListItem","position":3,"name":"Ramesh Subramaniam\u00a0"}]},{"@type":"WebSite","@id":"https:\/\/cdri.world\/#website","url":"https:\/\/cdri.world\/","name":"CDRI","description":"CDRI","publisher":{"@id":"https:\/\/cdri.world\/#organization"},"potentialAction":[{"@type":"SearchAction","target":{"@type":"EntryPoint","urlTemplate":"https:\/\/cdri.world\/?s={search_term_string}"},"query-input":{"@type":"PropertyValueSpecification","valueRequired":true,"valueName":"search_term_string"}}],"inLanguage":"es"},{"@type":"Organization","@id":"https:\/\/cdri.world\/#organization","name":"Coalition for Disaster Resilient Infrastructure","url":"https:\/\/cdri.world\/","logo":{"@type":"ImageObject","inLanguage":"es","@id":"https:\/\/cdri.world\/#\/schema\/logo\/image\/","url":"https:\/\/dymez6ioe12by.cloudfront.net\/media\/wp-content\/uploads\/2025\/09\/25100323\/cropped-CDRI-Logo-Black-and-Red.png","contentUrl":"https:\/\/dymez6ioe12by.cloudfront.net\/media\/wp-content\/uploads\/2025\/09\/25100323\/cropped-CDRI-Logo-Black-and-Red.png","width":256,"height":70,"caption":"Coalition for Disaster Resilient Infrastructure"},"image":{"@id":"https:\/\/cdri.world\/#\/schema\/logo\/image\/"}}]}},"_links":{"self":[{"href":"https:\/\/cdri.world\/es\/wp-json\/wp\/v2\/pages\/28316","targetHints":{"allow":["GET"]}}],"collection":[{"href":"https:\/\/cdri.world\/es\/wp-json\/wp\/v2\/pages"}],"about":[{"href":"https:\/\/cdri.world\/es\/wp-json\/wp\/v2\/types\/page"}],"author":[{"embeddable":true,"href":"https:\/\/cdri.world\/es\/wp-json\/wp\/v2\/users\/4"}],"replies":[{"embeddable":true,"href":"https:\/\/cdri.world\/es\/wp-json\/wp\/v2\/comments?post=28316"}],"version-history":[{"count":31,"href":"https:\/\/cdri.world\/es\/wp-json\/wp\/v2\/pages\/28316\/revisions"}],"predecessor-version":[{"id":32273,"href":"https:\/\/cdri.world\/es\/wp-json\/wp\/v2\/pages\/28316\/revisions\/32273"}],"up":[{"embeddable":true,"href":"https:\/\/cdri.world\/es\/wp-json\/wp\/v2\/pages\/6310"}],"wp:featuredmedia":[{"embeddable":true,"href":"https:\/\/cdri.world\/es\/wp-json\/wp\/v2\/media\/13924"}],"wp:attachment":[{"href":"https:\/\/cdri.world\/es\/wp-json\/wp\/v2\/media?parent=28316"}],"curies":[{"name":"wp","href":"https:\/\/api.w.org\/{rel}","templated":true}]}}